{"id":863,"date":"2025-06-16T22:44:24","date_gmt":"2025-06-16T20:44:24","guid":{"rendered":"https:\/\/mellelilyjolie.com\/?post_type=product&#038;p=863"},"modified":"2026-03-31T18:06:44","modified_gmt":"2026-03-31T16:06:44","slug":"tee-shirt-femme-13","status":"publish","type":"product","link":"https:\/\/mellelilyjolie.com\/index.php\/produit\/tee-shirt-femme-13\/","title":{"rendered":"Sac bourse"},"content":{"rendered":"<p>D\u00e9couvrez le charme irr\u00e9sistible de ce sac bourse qui conjugue parfaitement la richesse du <b>Tissu Wax<\/b> et une forme ultra-tendance. Le motif vibrant attire tous les regards et ajoute une dimension artistique et culturelle \u00e0 votre tenue.<\/p>\n<p>Pratique et s\u00e9curis\u00e9, le sac se ferme par un <b>lien coulissant<\/b> qui lui donne sa forme caract\u00e9ristique de \u00ab\u00a0bourse\u00a0\u00bb.<\/p>\n<p>Pour un port\u00e9 confortable et \u00e9l\u00e9gant, il est dot\u00e9 d&rsquo;une <b>grande lani\u00e8re en simili-cuir noir<\/b> (et maillons dor\u00e9s discrets). Elle permet un port\u00e9 \u00e9paule ou crois\u00e9 agr\u00e9able. Ce sac est l&rsquo;accessoire id\u00e9al pour celles qui cherchent \u00e0 injecter de la couleur et de l&rsquo;audace dans leur quotidien tout en conservant une touche de chic.<\/p>\n","protected":false},"excerpt":{"rendered":"<p>Exp\u00e9di\u00e9 dans un d\u00e9lai de 7 \u00e0 10 jours ouvrables<\/p>\n","protected":false},"featured_media":864,"comment_status":"open","ping_status":"closed","template":"","meta":{"_surecart_dashboard_logo_width":"180px","_surecart_dashboard_show_logo":true,"_surecart_dashboard_navigation_orders":true,"_surecart_dashboard_navigation_invoices":true,"_surecart_dashboard_navigation_subscriptions":true,"_surecart_dashboard_navigation_downloads":true,"_surecart_dashboard_navigation_billing":true,"_surecart_dashboard_navigation_account":true,"_uag_custom_page_level_css":""},"product_brand":[],"product_cat":[39],"product_tag":[],"class_list":{"0":"post-863","1":"product","2":"type-product","3":"status-publish","4":"has-post-thumbnail","6":"product_cat-accessoire","8":"first","9":"instock","10":"shipping-taxable","11":"purchasable","12":"product-type-variable"},"uagb_featured_image_src":{"full":["https:\/\/mellelilyjolie.com\/wp-content\/uploads\/2025\/06\/IMG-20250529-WA0108.jpg",1200,1471,false],"thumbnail":["https:\/\/mellelilyjolie.com\/wp-content\/uploads\/2025\/06\/IMG-20250529-WA0108-150x150.jpg",150,150,true],"medium":["https:\/\/mellelilyjolie.com\/wp-content\/uploads\/2025\/06\/IMG-20250529-WA0108-245x300.jpg",245,300,true],"medium_large":["https:\/\/mellelilyjolie.com\/wp-content\/uploads\/2025\/06\/IMG-20250529-WA0108-768x941.jpg",768,941,true],"large":["https:\/\/mellelilyjolie.com\/wp-content\/uploads\/2025\/06\/IMG-20250529-WA0108-835x1024.jpg",835,1024,true],"post-slider-thumb-size":["https:\/\/mellelilyjolie.com\/wp-content\/uploads\/2025\/06\/IMG-20250529-WA0108-330x190.jpg",330,190,true],"post-category-slider-size":["https:\/\/mellelilyjolie.com\/wp-content\/uploads\/2025\/06\/IMG-20250529-WA0108-330x350.jpg",330,350,true],"1536x1536":["https:\/\/mellelilyjolie.com\/wp-content\/uploads\/2025\/06\/IMG-20250529-WA0108.jpg",1200,1471,false],"2048x2048":["https:\/\/mellelilyjolie.com\/wp-content\/uploads\/2025\/06\/IMG-20250529-WA0108.jpg",1200,1471,false],"ashe-slider-full-thumbnail":["https:\/\/mellelilyjolie.com\/wp-content\/uploads\/2025\/06\/IMG-20250529-WA0108-1080x540.jpg",1080,540,true],"ashe-full-thumbnail":["https:\/\/mellelilyjolie.com\/wp-content\/uploads\/2025\/06\/IMG-20250529-WA0108-1140x1397.jpg",1140,1397,true],"ashe-list-thumbnail":["https:\/\/mellelilyjolie.com\/wp-content\/uploads\/2025\/06\/IMG-20250529-WA0108-300x300.jpg",300,300,true],"ashe-grid-thumbnail":["https:\/\/mellelilyjolie.com\/wp-content\/uploads\/2025\/06\/IMG-20250529-WA0108-500x330.jpg",500,330,true],"ashe-single-navigation":["https:\/\/mellelilyjolie.com\/wp-content\/uploads\/2025\/06\/IMG-20250529-WA0108-75x75.jpg",75,75,true],"woocommerce_thumbnail":["https:\/\/mellelilyjolie.com\/wp-content\/uploads\/2025\/06\/IMG-20250529-WA0108-300x300.jpg",300,300,true],"woocommerce_single":["https:\/\/mellelilyjolie.com\/wp-content\/uploads\/2025\/06\/IMG-20250529-WA0108-600x736.jpg",600,736,true],"woocommerce_gallery_thumbnail":["https:\/\/mellelilyjolie.com\/wp-content\/uploads\/2025\/06\/IMG-20250529-WA0108-100x100.jpg",100,100,true]},"uagb_author_info":{"display_name":"admin7170","author_link":"https:\/\/mellelilyjolie.com\/index.php\/author\/"},"uagb_comment_info":0,"uagb_excerpt":"Exp\u00e9di\u00e9 dans un d\u00e9lai de 7 \u00e0 10 jours ouvrables","jetpack_sharing_enabled":true,"_links":{"self":[{"href":"https:\/\/mellelilyjolie.com\/index.php\/wp-json\/wp\/v2\/product\/863","targetHints":{"allow":["GET"]}}],"collection":[{"href":"https:\/\/mellelilyjolie.com\/index.php\/wp-json\/wp\/v2\/product"}],"about":[{"href":"https:\/\/mellelilyjolie.com\/index.php\/wp-json\/wp\/v2\/types\/product"}],"replies":[{"embeddable":true,"href":"https:\/\/mellelilyjolie.com\/index.php\/wp-json\/wp\/v2\/comments?post=863"}],"wp:featuredmedia":[{"embeddable":true,"href":"https:\/\/mellelilyjolie.com\/index.php\/wp-json\/wp\/v2\/media\/864"}],"wp:attachment":[{"href":"https:\/\/mellelilyjolie.com\/index.php\/wp-json\/wp\/v2\/media?parent=863"}],"wp:term":[{"taxonomy":"product_brand","embeddable":true,"href":"https:\/\/mellelilyjolie.com\/index.php\/wp-json\/wp\/v2\/product_brand?post=863"},{"taxonomy":"product_cat","embeddable":true,"href":"https:\/\/mellelilyjolie.com\/index.php\/wp-json\/wp\/v2\/product_cat?post=863"},{"taxonomy":"product_tag","embeddable":true,"href":"https:\/\/mellelilyjolie.com\/index.php\/wp-json\/wp\/v2\/product_tag?post=863"}],"curies":[{"name":"wp","href":"https:\/\/api.w.org\/{rel}","templated":true}]}}