{"id":416,"date":"2025-02-17T02:45:55","date_gmt":"2025-02-17T01:45:55","guid":{"rendered":"https:\/\/mellelilyjolie.com\/?post_type=product&#038;p=416"},"modified":"2025-11-16T22:28:00","modified_gmt":"2025-11-16T21:28:00","slug":"tee-shirt-femme-27","status":"publish","type":"product","link":"https:\/\/mellelilyjolie.com\/index.php\/produit\/tee-shirt-femme-27\/","title":{"rendered":"Pochette grand format bi mati\u00e8re"},"content":{"rendered":"<p>Alliant <strong data-start=\"279\" data-end=\"299\">\u00e9l\u00e9gance moderne<\/strong> et <strong data-start=\"303\" data-end=\"328\">inspiration africaine<\/strong>, cette pochette bi-mati\u00e8re est con\u00e7ue pour accompagner vos journ\u00e9es avec <strong data-start=\"402\" data-end=\"424\">style et praticit\u00e9<\/strong>.<br data-start=\"425\" data-end=\"428\" \/>Sa taille g\u00e9n\u00e9reuse permet d\u2019y glisser un <strong data-start=\"470\" data-end=\"513\">ordinateur portable (jusqu\u2019\u00e0 14 pouces)<\/strong>, des <strong data-start=\"519\" data-end=\"535\">documents A4<\/strong> ou des <strong data-start=\"543\" data-end=\"569\">accessoires de travail<\/strong>.<br data-start=\"570\" data-end=\"573\" \/>Le mariage du <strong data-start=\"587\" data-end=\"621\">simili cuir lisse et r\u00e9sistant<\/strong> et du <strong data-start=\"628\" data-end=\"648\">tissu wax color\u00e9<\/strong> lui conf\u00e8re une allure <strong data-start=\"672\" data-end=\"706\">professionnelle et chaleureuse<\/strong>, id\u00e9ale aussi bien pour le bureau que pour vos d\u00e9placements.<\/p>\n<p>Dimension 37&#215;28 cm<\/p>\n","protected":false},"excerpt":{"rendered":"<div class=\"woocommerce-product-details__short-description\">\n<p>Cette grande pochette plate en Tissu Wax\u00a0 est id\u00e9ale pour transporter un ordinateur portable, des documents A4 et quelques accessoires, alliant style unique et praticit\u00e9.<\/p>\n<p>Model al\u00e9atoire<\/p>\n<p>&nbsp;<\/p>\n<p>Exp\u00e9di\u00e9 dans un d\u00e9lai de 7 \u00e0 10 jours ouvrables<\/p>\n<\/div>\n<p class=\"stock in-stock\">10 en stock<\/p>\n","protected":false},"featured_media":801,"comment_status":"open","ping_status":"closed","template":"","meta":{"_surecart_dashboard_logo_width":"180px","_surecart_dashboard_show_logo":true,"_surecart_dashboard_navigation_orders":true,"_surecart_dashboard_navigation_invoices":true,"_surecart_dashboard_navigation_subscriptions":true,"_surecart_dashboard_navigation_downloads":true,"_surecart_dashboard_navigation_billing":true,"_surecart_dashboard_navigation_account":true,"_uag_custom_page_level_css":""},"product_brand":[],"product_cat":[39],"product_tag":[],"class_list":{"0":"post-416","1":"product","2":"type-product","3":"status-publish","4":"has-post-thumbnail","6":"product_cat-accessoire","7":"product_shipping_class-leger","9":"first","10":"instock","11":"shipping-taxable","12":"purchasable","13":"product-type-simple"},"uagb_featured_image_src":{"full":["https:\/\/mellelilyjolie.com\/wp-content\/uploads\/2025\/02\/Capture-decran-2025-06-12-205724-1.png",610,609,false],"thumbnail":["https:\/\/mellelilyjolie.com\/wp-content\/uploads\/2025\/02\/Capture-decran-2025-06-12-205724-1-150x150.png",150,150,true],"medium":["https:\/\/mellelilyjolie.com\/wp-content\/uploads\/2025\/02\/Capture-decran-2025-06-12-205724-1-300x300.png",300,300,true],"medium_large":["https:\/\/mellelilyjolie.com\/wp-content\/uploads\/2025\/02\/Capture-decran-2025-06-12-205724-1.png",610,609,false],"large":["https:\/\/mellelilyjolie.com\/wp-content\/uploads\/2025\/02\/Capture-decran-2025-06-12-205724-1.png",610,609,false],"post-slider-thumb-size":["https:\/\/mellelilyjolie.com\/wp-content\/uploads\/2025\/02\/Capture-decran-2025-06-12-205724-1-330x190.png",330,190,true],"post-category-slider-size":["https:\/\/mellelilyjolie.com\/wp-content\/uploads\/2025\/02\/Capture-decran-2025-06-12-205724-1-330x350.png",330,350,true],"1536x1536":["https:\/\/mellelilyjolie.com\/wp-content\/uploads\/2025\/02\/Capture-decran-2025-06-12-205724-1.png",610,609,false],"2048x2048":["https:\/\/mellelilyjolie.com\/wp-content\/uploads\/2025\/02\/Capture-decran-2025-06-12-205724-1.png",610,609,false],"ashe-slider-full-thumbnail":["https:\/\/mellelilyjolie.com\/wp-content\/uploads\/2025\/02\/Capture-decran-2025-06-12-205724-1-610x540.png",610,540,true],"ashe-full-thumbnail":["https:\/\/mellelilyjolie.com\/wp-content\/uploads\/2025\/02\/Capture-decran-2025-06-12-205724-1.png",610,609,false],"ashe-list-thumbnail":["https:\/\/mellelilyjolie.com\/wp-content\/uploads\/2025\/02\/Capture-decran-2025-06-12-205724-1-300x300.png",300,300,true],"ashe-grid-thumbnail":["https:\/\/mellelilyjolie.com\/wp-content\/uploads\/2025\/02\/Capture-decran-2025-06-12-205724-1-500x330.png",500,330,true],"ashe-single-navigation":["https:\/\/mellelilyjolie.com\/wp-content\/uploads\/2025\/02\/Capture-decran-2025-06-12-205724-1-75x75.png",75,75,true],"woocommerce_thumbnail":["https:\/\/mellelilyjolie.com\/wp-content\/uploads\/2025\/02\/Capture-decran-2025-06-12-205724-1-300x300.png",300,300,true],"woocommerce_single":["https:\/\/mellelilyjolie.com\/wp-content\/uploads\/2025\/02\/Capture-decran-2025-06-12-205724-1-600x599.png",600,599,true],"woocommerce_gallery_thumbnail":["https:\/\/mellelilyjolie.com\/wp-content\/uploads\/2025\/02\/Capture-decran-2025-06-12-205724-1-100x100.png",100,100,true]},"uagb_author_info":{"display_name":"admin7170","author_link":"https:\/\/mellelilyjolie.com\/index.php\/author\/"},"uagb_comment_info":0,"uagb_excerpt":"Cette grande pochette plate en Tissu Wax\u00a0 est id\u00e9ale pour transporter un ordinateur portable, des documents A4 et quelques accessoires, alliant style unique et praticit\u00e9. Model al\u00e9atoire &nbsp; Exp\u00e9di\u00e9 dans un d\u00e9lai de 7 \u00e0 10 jours ouvrables 10 en stock","jetpack_sharing_enabled":true,"_links":{"self":[{"href":"https:\/\/mellelilyjolie.com\/index.php\/wp-json\/wp\/v2\/product\/416","targetHints":{"allow":["GET"]}}],"collection":[{"href":"https:\/\/mellelilyjolie.com\/index.php\/wp-json\/wp\/v2\/product"}],"about":[{"href":"https:\/\/mellelilyjolie.com\/index.php\/wp-json\/wp\/v2\/types\/product"}],"replies":[{"embeddable":true,"href":"https:\/\/mellelilyjolie.com\/index.php\/wp-json\/wp\/v2\/comments?post=416"}],"wp:featuredmedia":[{"embeddable":true,"href":"https:\/\/mellelilyjolie.com\/index.php\/wp-json\/wp\/v2\/media\/801"}],"wp:attachment":[{"href":"https:\/\/mellelilyjolie.com\/index.php\/wp-json\/wp\/v2\/media?parent=416"}],"wp:term":[{"taxonomy":"product_brand","embeddable":true,"href":"https:\/\/mellelilyjolie.com\/index.php\/wp-json\/wp\/v2\/product_brand?post=416"},{"taxonomy":"product_cat","embeddable":true,"href":"https:\/\/mellelilyjolie.com\/index.php\/wp-json\/wp\/v2\/product_cat?post=416"},{"taxonomy":"product_tag","embeddable":true,"href":"https:\/\/mellelilyjolie.com\/index.php\/wp-json\/wp\/v2\/product_tag?post=416"}],"curies":[{"name":"wp","href":"https:\/\/api.w.org\/{rel}","templated":true}]}}