{"id":367,"date":"2025-02-17T00:37:51","date_gmt":"2025-02-16T23:37:51","guid":{"rendered":"https:\/\/mellelilyjolie.com\/?post_type=product&#038;p=367"},"modified":"2025-10-20T23:31:56","modified_gmt":"2025-10-20T21:31:56","slug":"t-shirt-enfant-personnalise-tailles-3-a-16-ans","status":"publish","type":"product","link":"https:\/\/mellelilyjolie.com\/index.php\/produit\/t-shirt-enfant-personnalise-tailles-3-a-16-ans\/","title":{"rendered":"T-shirt Enfant"},"content":{"rendered":"<p>Cr\u00e9ez des souvenirs inoubliables avec notre t-shirt personnalis\u00e9, parfait pour le quotidien, pour immortaliser un moment sp\u00e9cial ou pour offrir en cadeau !<\/p>\n<p>Tailles Disponibles : De 1 \u00e0 16 ans , pour s&rsquo;adapter \u00e0 toutes les morphologies<\/p>\n<p>Personnalisation : Chaque t-shirt est unique, r\u00e9alis\u00e9 selon vos instructions et d\u00e9sirs. Ajoutez des noms, dates, messages, ou motifs particuliers pour cr\u00e9er un t-shirt qui vous ressemble<\/p>\n<p>Mati\u00e8re : 100% coton de haute qualit\u00e9, doux et confortable<\/p>\n<p>Couleurs : Choisissez parmi une gamme de couleurs pour personnaliser votre t-shirt : blanc ou noir<\/p>\n<p>Design : Optez pour des styles vari\u00e9s de police et de motifs pour une personnalisation compl\u00e8te<\/p>\n<p>Polyvalent : Id\u00e9al pour un usage quotidien, pour c\u00e9l\u00e9brer un \u00e9v\u00e9nement sp\u00e9cial, ou pour offrir en cadeau<\/p>\n<p>Entretien : Lavable en machine 30\u00b0 pour un entretien facile et repassage \u00e0 l&rsquo;envers \u00e0 temp\u00e9rature mod\u00e9r\u00e9. Notre t-shirt est con\u00e7u pour r\u00e9sister aux usages quotidiens.<\/p>\n","protected":false},"excerpt":{"rendered":"<p>Cr\u00e9ez des souvenirs inoubliables avec notre t-shirt personnalis\u00e9, parfait pour le quotidien, pour immortaliser un moment sp\u00e9cial ou pour offrir en cadeau ! Tailles Disponibles : De 1 \u00e0 16 ans , pour s&rsquo;adapter \u00e0 toutes les morphologies Personnalisation : Chaque t-shirt est unique, r\u00e9alis\u00e9 selon vos instructions et d\u00e9sirs. Ajoutez des noms, dates, messages, ou motifs particuliers pour cr\u00e9er un t-shirt qui vous ressemble Mati\u00e8re : 100% coton de haute qualit\u00e9, doux et confortable Couleurs : Choisissez parmi une gamme de couleurs pour personnaliser votre t-shirt : blanc ou noir Design : Optez pour des styles vari\u00e9s de police et de motifs pour une personnalisation compl\u00e8te Polyvalent : Id\u00e9al pour un usage quotidien, pour c\u00e9l\u00e9brer un \u00e9v\u00e9nement sp\u00e9cial, ou pour offrir en cadeau Entretien : Lavable en machine 30\u00b0 pour un entretien facile et repassage \u00e0 l&rsquo;envers \u00e0 temp\u00e9rature mod\u00e9r\u00e9. Notre t-shirt est con\u00e7u pour r\u00e9sister aux usages quotidiens.<\/p>\n","protected":false},"featured_media":962,"comment_status":"open","ping_status":"closed","template":"","meta":{"_surecart_dashboard_logo_width":"180px","_surecart_dashboard_show_logo":true,"_surecart_dashboard_navigation_orders":true,"_surecart_dashboard_navigation_invoices":true,"_surecart_dashboard_navigation_subscriptions":true,"_surecart_dashboard_navigation_downloads":true,"_surecart_dashboard_navigation_billing":true,"_surecart_dashboard_navigation_account":true,"_uag_custom_page_level_css":""},"product_brand":[],"product_cat":[32,72],"product_tag":[],"class_list":{"0":"post-367","1":"product","2":"type-product","3":"status-publish","4":"has-post-thumbnail","6":"product_cat-article-ni-repris-ni-echange","7":"product_cat-t-shirt","8":"product_shipping_class-leger","10":"first","11":"instock","12":"shipping-taxable","13":"purchasable","14":"product-type-variable"},"uagb_featured_image_src":{"full":["https:\/\/mellelilyjolie.com\/wp-content\/uploads\/2025\/10\/Portrait-dun-jeune-garcon-souriant.png",1024,1536,false],"thumbnail":["https:\/\/mellelilyjolie.com\/wp-content\/uploads\/2025\/10\/Portrait-dun-jeune-garcon-souriant-150x150.png",150,150,true],"medium":["https:\/\/mellelilyjolie.com\/wp-content\/uploads\/2025\/10\/Portrait-dun-jeune-garcon-souriant-200x300.png",200,300,true],"medium_large":["https:\/\/mellelilyjolie.com\/wp-content\/uploads\/2025\/10\/Portrait-dun-jeune-garcon-souriant-768x1152.png",768,1152,true],"large":["https:\/\/mellelilyjolie.com\/wp-content\/uploads\/2025\/10\/Portrait-dun-jeune-garcon-souriant-683x1024.png",683,1024,true],"post-slider-thumb-size":["https:\/\/mellelilyjolie.com\/wp-content\/uploads\/2025\/10\/Portrait-dun-jeune-garcon-souriant-330x190.png",330,190,true],"post-category-slider-size":["https:\/\/mellelilyjolie.com\/wp-content\/uploads\/2025\/10\/Portrait-dun-jeune-garcon-souriant-330x350.png",330,350,true],"1536x1536":["https:\/\/mellelilyjolie.com\/wp-content\/uploads\/2025\/10\/Portrait-dun-jeune-garcon-souriant.png",1024,1536,false],"2048x2048":["https:\/\/mellelilyjolie.com\/wp-content\/uploads\/2025\/10\/Portrait-dun-jeune-garcon-souriant.png",1024,1536,false],"ashe-slider-full-thumbnail":["https:\/\/mellelilyjolie.com\/wp-content\/uploads\/2025\/10\/Portrait-dun-jeune-garcon-souriant-1024x540.png",1024,540,true],"ashe-full-thumbnail":["https:\/\/mellelilyjolie.com\/wp-content\/uploads\/2025\/10\/Portrait-dun-jeune-garcon-souriant.png",1024,1536,false],"ashe-list-thumbnail":["https:\/\/mellelilyjolie.com\/wp-content\/uploads\/2025\/10\/Portrait-dun-jeune-garcon-souriant-300x300.png",300,300,true],"ashe-grid-thumbnail":["https:\/\/mellelilyjolie.com\/wp-content\/uploads\/2025\/10\/Portrait-dun-jeune-garcon-souriant-500x330.png",500,330,true],"ashe-single-navigation":["https:\/\/mellelilyjolie.com\/wp-content\/uploads\/2025\/10\/Portrait-dun-jeune-garcon-souriant-75x75.png",75,75,true],"woocommerce_thumbnail":["https:\/\/mellelilyjolie.com\/wp-content\/uploads\/2025\/10\/Portrait-dun-jeune-garcon-souriant-300x300.png",300,300,true],"woocommerce_single":["https:\/\/mellelilyjolie.com\/wp-content\/uploads\/2025\/10\/Portrait-dun-jeune-garcon-souriant-600x900.png",600,900,true],"woocommerce_gallery_thumbnail":["https:\/\/mellelilyjolie.com\/wp-content\/uploads\/2025\/10\/Portrait-dun-jeune-garcon-souriant-100x100.png",100,100,true]},"uagb_author_info":{"display_name":"admin7170","author_link":"https:\/\/mellelilyjolie.com\/index.php\/author\/"},"uagb_comment_info":0,"uagb_excerpt":"Cr\u00e9ez des souvenirs inoubliables avec notre t-shirt personnalis\u00e9, parfait pour le quotidien, pour immortaliser un moment sp\u00e9cial ou pour offrir en cadeau ! Tailles Disponibles : De 1 \u00e0 16 ans , pour s&rsquo;adapter \u00e0 toutes les morphologies Personnalisation : Chaque t-shirt est unique, r\u00e9alis\u00e9 selon vos instructions et d\u00e9sirs. Ajoutez des noms, dates, messages,\u2026","jetpack_sharing_enabled":true,"_links":{"self":[{"href":"https:\/\/mellelilyjolie.com\/index.php\/wp-json\/wp\/v2\/product\/367","targetHints":{"allow":["GET"]}}],"collection":[{"href":"https:\/\/mellelilyjolie.com\/index.php\/wp-json\/wp\/v2\/product"}],"about":[{"href":"https:\/\/mellelilyjolie.com\/index.php\/wp-json\/wp\/v2\/types\/product"}],"replies":[{"embeddable":true,"href":"https:\/\/mellelilyjolie.com\/index.php\/wp-json\/wp\/v2\/comments?post=367"}],"wp:featuredmedia":[{"embeddable":true,"href":"https:\/\/mellelilyjolie.com\/index.php\/wp-json\/wp\/v2\/media\/962"}],"wp:attachment":[{"href":"https:\/\/mellelilyjolie.com\/index.php\/wp-json\/wp\/v2\/media?parent=367"}],"wp:term":[{"taxonomy":"product_brand","embeddable":true,"href":"https:\/\/mellelilyjolie.com\/index.php\/wp-json\/wp\/v2\/product_brand?post=367"},{"taxonomy":"product_cat","embeddable":true,"href":"https:\/\/mellelilyjolie.com\/index.php\/wp-json\/wp\/v2\/product_cat?post=367"},{"taxonomy":"product_tag","embeddable":true,"href":"https:\/\/mellelilyjolie.com\/index.php\/wp-json\/wp\/v2\/product_tag?post=367"}],"curies":[{"name":"wp","href":"https:\/\/api.w.org\/{rel}","templated":true}]}}