{"id":2716,"date":"2026-01-18T03:48:16","date_gmt":"2026-01-18T02:48:16","guid":{"rendered":"https:\/\/mellelilyjolie.com\/?post_type=product&#038;p=2716"},"modified":"2026-01-18T15:19:00","modified_gmt":"2026-01-18T14:19:00","slug":"t-shirt-sale-conne-hero-copie","status":"publish","type":"product","link":"https:\/\/mellelilyjolie.com\/index.php\/produit\/t-shirt-sale-conne-hero-copie\/","title":{"rendered":"T-SHIRT \u00ab\u00a0SALE CONNE\u00a0\u00bb CANDY"},"content":{"rendered":"<p>Gardez ce souvenir m\u00e9morable avec notre t-shirt personnalis\u00e9, parfait pour le quotidien, pour immortaliser un moment sp\u00e9cial ou pour offrir en cadeau !<\/p>\n<p>Tailles Disponibles : Du XS au XXL, pour s\u2019adapter \u00e0 toutes les morphologies<\/p>\n<p>Mati\u00e8re : 100% coton de haute qualit\u00e9, doux et confortable<\/p>\n<p>Couleurs : Choisissez parmi une large gamme de couleurs pour personnaliser votre t-shirt : blanc ou noir<\/p>\n<p>Entretien : Lavable en machine 30\u00b0 pour un entretien facile et repassage \u00e0 l\u2019envers \u00e0 temp\u00e9rature mod\u00e9r\u00e9. Notre t-shirt est con\u00e7u pour r\u00e9sister aux usages quotidiens.<\/p>\n","protected":false},"excerpt":{"rendered":"<p data-start=\"610\" data-end=\"684\">T-shirts fantaisie inspir\u00e9s de l\u2019actualit\u00e9, des r\u00e9f\u00e9rences des r\u00e9seaux sociaux et de citations inspirantes, pens\u00e9s pour exprimer sa personnalit\u00e9, son humeur et ses id\u00e9es avec style, humour et modernit\u00e9.<\/p>\n<p>Exp\u00e9di\u00e9 dans un d\u00e9lai de 7 \u00e0 10 jours ouvrables<\/p>\n","protected":false},"featured_media":2730,"comment_status":"open","ping_status":"closed","template":"","meta":{"_surecart_dashboard_logo_width":"180px","_surecart_dashboard_show_logo":true,"_surecart_dashboard_navigation_orders":true,"_surecart_dashboard_navigation_invoices":true,"_surecart_dashboard_navigation_subscriptions":true,"_surecart_dashboard_navigation_downloads":true,"_surecart_dashboard_navigation_billing":true,"_surecart_dashboard_navigation_account":true,"_uag_custom_page_level_css":""},"product_brand":[],"product_cat":[269],"product_tag":[],"class_list":{"0":"post-2716","1":"product","2":"type-product","3":"status-publish","4":"has-post-thumbnail","6":"product_cat-t-shirt-fantaisie","7":"product_shipping_class-leger","9":"first","10":"instock","11":"shipping-taxable","12":"purchasable","13":"product-type-variable"},"uagb_featured_image_src":{"full":["https:\/\/mellelilyjolie.com\/wp-content\/uploads\/2026\/01\/Capture-decran-2026-01-18-034850.png",712,537,false],"thumbnail":["https:\/\/mellelilyjolie.com\/wp-content\/uploads\/2026\/01\/Capture-decran-2026-01-18-034850-150x150.png",150,150,true],"medium":["https:\/\/mellelilyjolie.com\/wp-content\/uploads\/2026\/01\/Capture-decran-2026-01-18-034850-300x226.png",300,226,true],"medium_large":["https:\/\/mellelilyjolie.com\/wp-content\/uploads\/2026\/01\/Capture-decran-2026-01-18-034850.png",712,537,false],"large":["https:\/\/mellelilyjolie.com\/wp-content\/uploads\/2026\/01\/Capture-decran-2026-01-18-034850.png",712,537,false],"post-slider-thumb-size":["https:\/\/mellelilyjolie.com\/wp-content\/uploads\/2026\/01\/Capture-decran-2026-01-18-034850-330x190.png",330,190,true],"post-category-slider-size":["https:\/\/mellelilyjolie.com\/wp-content\/uploads\/2026\/01\/Capture-decran-2026-01-18-034850-330x350.png",330,350,true],"1536x1536":["https:\/\/mellelilyjolie.com\/wp-content\/uploads\/2026\/01\/Capture-decran-2026-01-18-034850.png",712,537,false],"2048x2048":["https:\/\/mellelilyjolie.com\/wp-content\/uploads\/2026\/01\/Capture-decran-2026-01-18-034850.png",712,537,false],"ashe-slider-full-thumbnail":["https:\/\/mellelilyjolie.com\/wp-content\/uploads\/2026\/01\/Capture-decran-2026-01-18-034850.png",712,537,false],"ashe-full-thumbnail":["https:\/\/mellelilyjolie.com\/wp-content\/uploads\/2026\/01\/Capture-decran-2026-01-18-034850.png",712,537,false],"ashe-list-thumbnail":["https:\/\/mellelilyjolie.com\/wp-content\/uploads\/2026\/01\/Capture-decran-2026-01-18-034850-300x300.png",300,300,true],"ashe-grid-thumbnail":["https:\/\/mellelilyjolie.com\/wp-content\/uploads\/2026\/01\/Capture-decran-2026-01-18-034850-500x330.png",500,330,true],"ashe-single-navigation":["https:\/\/mellelilyjolie.com\/wp-content\/uploads\/2026\/01\/Capture-decran-2026-01-18-034850-75x75.png",75,75,true],"woocommerce_thumbnail":["https:\/\/mellelilyjolie.com\/wp-content\/uploads\/2026\/01\/Capture-decran-2026-01-18-034850-300x300.png",300,300,true],"woocommerce_single":["https:\/\/mellelilyjolie.com\/wp-content\/uploads\/2026\/01\/Capture-decran-2026-01-18-034850-600x453.png",600,453,true],"woocommerce_gallery_thumbnail":["https:\/\/mellelilyjolie.com\/wp-content\/uploads\/2026\/01\/Capture-decran-2026-01-18-034850-100x100.png",100,100,true]},"uagb_author_info":{"display_name":"admin7170","author_link":"https:\/\/mellelilyjolie.com\/index.php\/author\/"},"uagb_comment_info":0,"uagb_excerpt":"T-shirts fantaisie inspir\u00e9s de l\u2019actualit\u00e9, des r\u00e9f\u00e9rences des r\u00e9seaux sociaux et de citations inspirantes, pens\u00e9s pour exprimer sa personnalit\u00e9, son humeur et ses id\u00e9es avec style, humour et modernit\u00e9. Exp\u00e9di\u00e9 dans un d\u00e9lai de 7 \u00e0 10 jours ouvrables","jetpack_sharing_enabled":true,"_links":{"self":[{"href":"https:\/\/mellelilyjolie.com\/index.php\/wp-json\/wp\/v2\/product\/2716","targetHints":{"allow":["GET"]}}],"collection":[{"href":"https:\/\/mellelilyjolie.com\/index.php\/wp-json\/wp\/v2\/product"}],"about":[{"href":"https:\/\/mellelilyjolie.com\/index.php\/wp-json\/wp\/v2\/types\/product"}],"replies":[{"embeddable":true,"href":"https:\/\/mellelilyjolie.com\/index.php\/wp-json\/wp\/v2\/comments?post=2716"}],"wp:featuredmedia":[{"embeddable":true,"href":"https:\/\/mellelilyjolie.com\/index.php\/wp-json\/wp\/v2\/media\/2730"}],"wp:attachment":[{"href":"https:\/\/mellelilyjolie.com\/index.php\/wp-json\/wp\/v2\/media?parent=2716"}],"wp:term":[{"taxonomy":"product_brand","embeddable":true,"href":"https:\/\/mellelilyjolie.com\/index.php\/wp-json\/wp\/v2\/product_brand?post=2716"},{"taxonomy":"product_cat","embeddable":true,"href":"https:\/\/mellelilyjolie.com\/index.php\/wp-json\/wp\/v2\/product_cat?post=2716"},{"taxonomy":"product_tag","embeddable":true,"href":"https:\/\/mellelilyjolie.com\/index.php\/wp-json\/wp\/v2\/product_tag?post=2716"}],"curies":[{"name":"wp","href":"https:\/\/api.w.org\/{rel}","templated":true}]}}