{"id":2642,"date":"2026-01-14T00:11:43","date_gmt":"2026-01-13T23:11:43","guid":{"rendered":"https:\/\/mellelilyjolie.com\/?post_type=product&#038;p=2642"},"modified":"2026-01-18T23:39:36","modified_gmt":"2026-01-18T22:39:36","slug":"tee-shirt-femme-35","status":"publish","type":"product","link":"https:\/\/mellelilyjolie.com\/index.php\/produit\/tee-shirt-femme-35\/","title":{"rendered":"JEUX DE CARTE POUR ADULTE"},"content":{"rendered":"<p>Red\u00e9couvrez votre relation \u00e0 travers un jeu de cartes pens\u00e9 pour les couples qui veulent se reconnecter, communiquer et s\u2019amuser\u2026 sans pression, mais avec beaucoup de complicit\u00e9. Imagin\u00e9 par <strong data-start=\"264\" data-end=\"271\">MLJ<\/strong>, ce jeu existe en <strong data-start=\"290\" data-end=\"323\">deux versions compl\u00e9mentaires<\/strong>, \u00e0 choisir selon votre humeur \u2014 ou \u00e0 combiner pour une exp\u00e9rience compl\u00e8te<\/p>\n<p>Deux jeux de 42 cartes<\/p>\n","protected":false},"excerpt":{"rendered":"<p data-start=\"48\" data-end=\"378\">Parce qu\u2019une relation s\u2019entretient autant par les mots que par le jeu.<br data-start=\"118\" data-end=\"121\" \/>Ce jeu \u00e0 deux se d\u00e9cline en deux versions : une version\u00a0<strong data-start=\"177\" data-end=\"188\" data-is-only-node=\"\">Romance<\/strong>\u00a0pour explorer les sentiments, les souvenirs et les v\u00e9rit\u00e9s avec l\u00e9g\u00e8ret\u00e9, et une version\u00a0<strong data-start=\"278\" data-end=\"291\">Charnelle<\/strong>\u00a0pour exprimer les envies, le d\u00e9sir et renforcer l\u2019intimit\u00e9 de fa\u00e7on fun et complice.<\/p>\n<p data-start=\"380\" data-end=\"451\" data-is-last-node=\"\" data-is-only-node=\"\">Id\u00e9al pour se reconnecter, mieux se comprendre et pimenter la relation.<\/p>\n<p data-start=\"380\" data-end=\"451\" data-is-last-node=\"\" data-is-only-node=\"\">Aucun d\u00e9lai de livraison et livraison gratuite avec le code promo \u00ab\u00a0NOUS\u00a0\u00bb<\/p>\n","protected":false},"featured_media":2652,"comment_status":"open","ping_status":"closed","template":"","meta":{"_surecart_dashboard_logo_width":"180px","_surecart_dashboard_show_logo":true,"_surecart_dashboard_navigation_orders":true,"_surecart_dashboard_navigation_invoices":true,"_surecart_dashboard_navigation_subscriptions":true,"_surecart_dashboard_navigation_downloads":true,"_surecart_dashboard_navigation_billing":true,"_surecart_dashboard_navigation_account":true,"_uag_custom_page_level_css":""},"product_brand":[],"product_cat":[267],"product_tag":[],"class_list":{"0":"post-2642","1":"product","2":"type-product","3":"status-publish","4":"has-post-thumbnail","6":"product_cat-saint-valentin","7":"product_shipping_class-telechargement","9":"first","10":"instock","11":"downloadable","12":"shipping-taxable","13":"purchasable","14":"product-type-simple"},"uagb_featured_image_src":{"full":["https:\/\/mellelilyjolie.com\/wp-content\/uploads\/2026\/01\/Capture-decran-2026-01-09-000500.png",625,781,false],"thumbnail":["https:\/\/mellelilyjolie.com\/wp-content\/uploads\/2026\/01\/Capture-decran-2026-01-09-000500-150x150.png",150,150,true],"medium":["https:\/\/mellelilyjolie.com\/wp-content\/uploads\/2026\/01\/Capture-decran-2026-01-09-000500-240x300.png",240,300,true],"medium_large":["https:\/\/mellelilyjolie.com\/wp-content\/uploads\/2026\/01\/Capture-decran-2026-01-09-000500.png",625,781,false],"large":["https:\/\/mellelilyjolie.com\/wp-content\/uploads\/2026\/01\/Capture-decran-2026-01-09-000500.png",625,781,false],"post-slider-thumb-size":["https:\/\/mellelilyjolie.com\/wp-content\/uploads\/2026\/01\/Capture-decran-2026-01-09-000500-330x190.png",330,190,true],"post-category-slider-size":["https:\/\/mellelilyjolie.com\/wp-content\/uploads\/2026\/01\/Capture-decran-2026-01-09-000500-330x350.png",330,350,true],"1536x1536":["https:\/\/mellelilyjolie.com\/wp-content\/uploads\/2026\/01\/Capture-decran-2026-01-09-000500.png",625,781,false],"2048x2048":["https:\/\/mellelilyjolie.com\/wp-content\/uploads\/2026\/01\/Capture-decran-2026-01-09-000500.png",625,781,false],"ashe-slider-full-thumbnail":["https:\/\/mellelilyjolie.com\/wp-content\/uploads\/2026\/01\/Capture-decran-2026-01-09-000500-625x540.png",625,540,true],"ashe-full-thumbnail":["https:\/\/mellelilyjolie.com\/wp-content\/uploads\/2026\/01\/Capture-decran-2026-01-09-000500.png",625,781,false],"ashe-list-thumbnail":["https:\/\/mellelilyjolie.com\/wp-content\/uploads\/2026\/01\/Capture-decran-2026-01-09-000500-300x300.png",300,300,true],"ashe-grid-thumbnail":["https:\/\/mellelilyjolie.com\/wp-content\/uploads\/2026\/01\/Capture-decran-2026-01-09-000500-500x330.png",500,330,true],"ashe-single-navigation":["https:\/\/mellelilyjolie.com\/wp-content\/uploads\/2026\/01\/Capture-decran-2026-01-09-000500-75x75.png",75,75,true],"woocommerce_thumbnail":["https:\/\/mellelilyjolie.com\/wp-content\/uploads\/2026\/01\/Capture-decran-2026-01-09-000500-300x300.png",300,300,true],"woocommerce_single":["https:\/\/mellelilyjolie.com\/wp-content\/uploads\/2026\/01\/Capture-decran-2026-01-09-000500-600x750.png",600,750,true],"woocommerce_gallery_thumbnail":["https:\/\/mellelilyjolie.com\/wp-content\/uploads\/2026\/01\/Capture-decran-2026-01-09-000500-100x100.png",100,100,true]},"uagb_author_info":{"display_name":"admin7170","author_link":"https:\/\/mellelilyjolie.com\/index.php\/author\/"},"uagb_comment_info":0,"uagb_excerpt":"Parce qu\u2019une relation s\u2019entretient autant par les mots que par le jeu.Ce jeu \u00e0 deux se d\u00e9cline en deux versions : une version\u00a0Romance\u00a0pour explorer les sentiments, les souvenirs et les v\u00e9rit\u00e9s avec l\u00e9g\u00e8ret\u00e9, et une version\u00a0Charnelle\u00a0pour exprimer les envies, le d\u00e9sir et renforcer l\u2019intimit\u00e9 de fa\u00e7on fun et complice. Id\u00e9al pour se reconnecter, mieux se\u2026","jetpack_sharing_enabled":true,"_links":{"self":[{"href":"https:\/\/mellelilyjolie.com\/index.php\/wp-json\/wp\/v2\/product\/2642","targetHints":{"allow":["GET"]}}],"collection":[{"href":"https:\/\/mellelilyjolie.com\/index.php\/wp-json\/wp\/v2\/product"}],"about":[{"href":"https:\/\/mellelilyjolie.com\/index.php\/wp-json\/wp\/v2\/types\/product"}],"replies":[{"embeddable":true,"href":"https:\/\/mellelilyjolie.com\/index.php\/wp-json\/wp\/v2\/comments?post=2642"}],"wp:featuredmedia":[{"embeddable":true,"href":"https:\/\/mellelilyjolie.com\/index.php\/wp-json\/wp\/v2\/media\/2652"}],"wp:attachment":[{"href":"https:\/\/mellelilyjolie.com\/index.php\/wp-json\/wp\/v2\/media?parent=2642"}],"wp:term":[{"taxonomy":"product_brand","embeddable":true,"href":"https:\/\/mellelilyjolie.com\/index.php\/wp-json\/wp\/v2\/product_brand?post=2642"},{"taxonomy":"product_cat","embeddable":true,"href":"https:\/\/mellelilyjolie.com\/index.php\/wp-json\/wp\/v2\/product_cat?post=2642"},{"taxonomy":"product_tag","embeddable":true,"href":"https:\/\/mellelilyjolie.com\/index.php\/wp-json\/wp\/v2\/product_tag?post=2642"}],"curies":[{"name":"wp","href":"https:\/\/api.w.org\/{rel}","templated":true}]}}