{"id":262,"date":"2025-02-12T20:54:40","date_gmt":"2025-02-12T19:54:40","guid":{"rendered":"https:\/\/mellelilyjolie.com\/?post_type=product&#038;p=262"},"modified":"2025-11-17T22:07:35","modified_gmt":"2025-11-17T21:07:35","slug":"tee-shirt-femme-4","status":"publish","type":"product","link":"https:\/\/mellelilyjolie.com\/index.php\/produit\/tee-shirt-femme-4\/","title":{"rendered":"Portefeuille Minimaliste Motifs Wax"},"content":{"rendered":"<p>Affirmez votre style avec notre portefeuille long minimaliste, alliant sophistication et personnalit\u00e9 unique.<\/p>\n<p>Dimensions : Hauteur : 10 cm | Largeur : 19,5 cm | Profondeur : 2,5 cm<\/p>\n<p>Mati\u00e8re : tissu wax authentique, 100% coton<\/p>\n<p>Design : \u00c9l\u00e9gant avec des motifs wax vibrants pour une touche d&rsquo;exotisme<\/p>\n<p>Fonctionnalit\u00e9 : Portefeuille multifonctionnel avec plusieurs emplacements pour cartes, id\u00e9al pour vos cartes de cr\u00e9dit, cartes de visite, et plus encore<\/p>\n<p>Fermeture : Fermeture \u00e9clair s\u00e9curis\u00e9e pour garder vos affaires en s\u00e9curit\u00e9<\/p>\n<p>Chaque portefeuille est soigneusement customis\u00e9 \u00e0 la main, avec possibilit\u00e9 de personnalisation pour une touche vraiment unique (choix du tissu )<\/p>\n","protected":false},"excerpt":{"rendered":"<p>Ce portefeuille minimaliste en Tissu Wax est id\u00e9al pour glisser l&rsquo;essentiel (cartes et monnaie) dans un sac , offrant un style compact, color\u00e9 et unique<\/p>\n","protected":false},"featured_media":806,"comment_status":"open","ping_status":"closed","template":"","meta":{"_surecart_dashboard_logo_width":"180px","_surecart_dashboard_show_logo":true,"_surecart_dashboard_navigation_orders":true,"_surecart_dashboard_navigation_invoices":true,"_surecart_dashboard_navigation_subscriptions":true,"_surecart_dashboard_navigation_downloads":true,"_surecart_dashboard_navigation_billing":true,"_surecart_dashboard_navigation_account":true,"_uag_custom_page_level_css":""},"product_brand":[],"product_cat":[39],"product_tag":[],"class_list":{"0":"post-262","1":"product","2":"type-product","3":"status-publish","4":"has-post-thumbnail","6":"product_cat-accessoire","8":"first","9":"instock","10":"shipping-taxable","11":"purchasable","12":"product-type-variable"},"uagb_featured_image_src":{"full":["https:\/\/mellelilyjolie.com\/wp-content\/uploads\/2025\/02\/IMG-20250529-WA02991.jpg",1788,1279,false],"thumbnail":["https:\/\/mellelilyjolie.com\/wp-content\/uploads\/2025\/02\/IMG-20250529-WA02991-150x150.jpg",150,150,true],"medium":["https:\/\/mellelilyjolie.com\/wp-content\/uploads\/2025\/02\/IMG-20250529-WA02991-300x215.jpg",300,215,true],"medium_large":["https:\/\/mellelilyjolie.com\/wp-content\/uploads\/2025\/02\/IMG-20250529-WA02991-768x549.jpg",768,549,true],"large":["https:\/\/mellelilyjolie.com\/wp-content\/uploads\/2025\/02\/IMG-20250529-WA02991-1024x732.jpg",960,686,true],"post-slider-thumb-size":["https:\/\/mellelilyjolie.com\/wp-content\/uploads\/2025\/02\/IMG-20250529-WA02991-330x190.jpg",330,190,true],"post-category-slider-size":["https:\/\/mellelilyjolie.com\/wp-content\/uploads\/2025\/02\/IMG-20250529-WA02991-330x350.jpg",330,350,true],"1536x1536":["https:\/\/mellelilyjolie.com\/wp-content\/uploads\/2025\/02\/IMG-20250529-WA02991-1536x1099.jpg",1536,1099,true],"2048x2048":["https:\/\/mellelilyjolie.com\/wp-content\/uploads\/2025\/02\/IMG-20250529-WA02991.jpg",1788,1279,false],"ashe-slider-full-thumbnail":["https:\/\/mellelilyjolie.com\/wp-content\/uploads\/2025\/02\/IMG-20250529-WA02991-1080x540.jpg",1080,540,true],"ashe-full-thumbnail":["https:\/\/mellelilyjolie.com\/wp-content\/uploads\/2025\/02\/IMG-20250529-WA02991-1140x815.jpg",1140,815,true],"ashe-list-thumbnail":["https:\/\/mellelilyjolie.com\/wp-content\/uploads\/2025\/02\/IMG-20250529-WA02991-300x300.jpg",300,300,true],"ashe-grid-thumbnail":["https:\/\/mellelilyjolie.com\/wp-content\/uploads\/2025\/02\/IMG-20250529-WA02991-500x330.jpg",500,330,true],"ashe-single-navigation":["https:\/\/mellelilyjolie.com\/wp-content\/uploads\/2025\/02\/IMG-20250529-WA02991-75x75.jpg",75,75,true],"woocommerce_thumbnail":["https:\/\/mellelilyjolie.com\/wp-content\/uploads\/2025\/02\/IMG-20250529-WA02991-300x300.jpg",300,300,true],"woocommerce_single":["https:\/\/mellelilyjolie.com\/wp-content\/uploads\/2025\/02\/IMG-20250529-WA02991-600x429.jpg",600,429,true],"woocommerce_gallery_thumbnail":["https:\/\/mellelilyjolie.com\/wp-content\/uploads\/2025\/02\/IMG-20250529-WA02991-100x100.jpg",100,100,true]},"uagb_author_info":{"display_name":"admin7170","author_link":"https:\/\/mellelilyjolie.com\/index.php\/author\/"},"uagb_comment_info":0,"uagb_excerpt":"Ce portefeuille minimaliste en Tissu Wax est id\u00e9al pour glisser l'essentiel (cartes et monnaie) dans un sac , offrant un style compact, color\u00e9 et unique","jetpack_sharing_enabled":true,"_links":{"self":[{"href":"https:\/\/mellelilyjolie.com\/index.php\/wp-json\/wp\/v2\/product\/262","targetHints":{"allow":["GET"]}}],"collection":[{"href":"https:\/\/mellelilyjolie.com\/index.php\/wp-json\/wp\/v2\/product"}],"about":[{"href":"https:\/\/mellelilyjolie.com\/index.php\/wp-json\/wp\/v2\/types\/product"}],"replies":[{"embeddable":true,"href":"https:\/\/mellelilyjolie.com\/index.php\/wp-json\/wp\/v2\/comments?post=262"}],"wp:featuredmedia":[{"embeddable":true,"href":"https:\/\/mellelilyjolie.com\/index.php\/wp-json\/wp\/v2\/media\/806"}],"wp:attachment":[{"href":"https:\/\/mellelilyjolie.com\/index.php\/wp-json\/wp\/v2\/media?parent=262"}],"wp:term":[{"taxonomy":"product_brand","embeddable":true,"href":"https:\/\/mellelilyjolie.com\/index.php\/wp-json\/wp\/v2\/product_brand?post=262"},{"taxonomy":"product_cat","embeddable":true,"href":"https:\/\/mellelilyjolie.com\/index.php\/wp-json\/wp\/v2\/product_cat?post=262"},{"taxonomy":"product_tag","embeddable":true,"href":"https:\/\/mellelilyjolie.com\/index.php\/wp-json\/wp\/v2\/product_tag?post=262"}],"curies":[{"name":"wp","href":"https:\/\/api.w.org\/{rel}","templated":true}]}}