{"id":2602,"date":"2026-01-05T01:48:17","date_gmt":"2026-01-05T00:48:17","guid":{"rendered":"https:\/\/mellelilyjolie.com\/?post_type=product&#038;p=2602"},"modified":"2026-01-18T15:21:56","modified_gmt":"2026-01-18T14:21:56","slug":"le-kit-t-shirt-personnalise-love","status":"publish","type":"product","link":"https:\/\/mellelilyjolie.com\/index.php\/produit\/le-kit-t-shirt-personnalise-love\/","title":{"rendered":"Le Kit duo : T-shirt personnalis\u00e9 -LOVE"},"content":{"rendered":"<p data-start=\"555\" data-end=\"676\"><br data-start=\"660\" data-end=\"663\" \/>Il comprend :<\/p>\n<ul data-start=\"677\" data-end=\"944\">\n<li data-start=\"677\" data-end=\"704\">\n<p data-start=\"679\" data-end=\"704\">2 T-shirts \u00e0 personnaliser de la taille XS \u00e0 XXL<\/p>\n<\/li>\n<\/ul>\n<p data-start=\"946\" data-end=\"1014\">Parfait pour les couples qui aiment les cadeaux simples, symboliques et durables.<\/p>\n<p data-start=\"946\" data-end=\"1014\">Ajouter un message (Pr\u00e9noms ou initiales) et ainsi que la\u00a0 taille deuxi\u00e8me t-shirt<\/p>\n","protected":false},"excerpt":{"rendered":"<p data-start=\"730\" data-end=\"809\">Un cadeau simple, symbolique et unique gr\u00e2ce \u00e0 la personnalisation.<br data-start=\"449\" data-end=\"452\" \/>Exprimez vos sentiments avec un message, un pr\u00e9nom ou une date qui a du sens.<br data-start=\"529\" data-end=\"532\" \/>Parfait pour offrir un souvenir durable et charg\u00e9 d\u2019\u00e9motion.<\/p>\n<p>Exp\u00e9di\u00e9 dans un d\u00e9lai de 7 \u00e0 10 jours ouvrables<\/p>\n","protected":false},"featured_media":2678,"comment_status":"open","ping_status":"closed","template":"","meta":{"_surecart_dashboard_logo_width":"180px","_surecart_dashboard_show_logo":true,"_surecart_dashboard_navigation_orders":true,"_surecart_dashboard_navigation_invoices":true,"_surecart_dashboard_navigation_subscriptions":true,"_surecart_dashboard_navigation_downloads":true,"_surecart_dashboard_navigation_billing":true,"_surecart_dashboard_navigation_account":true,"_uag_custom_page_level_css":""},"product_brand":[],"product_cat":[267],"product_tag":[],"class_list":{"0":"post-2602","1":"product","2":"type-product","3":"status-publish","4":"has-post-thumbnail","6":"product_cat-saint-valentin","8":"first","9":"instock","10":"shipping-taxable","11":"purchasable","12":"product-type-variable"},"uagb_featured_image_src":{"full":["https:\/\/mellelilyjolie.com\/wp-content\/uploads\/2026\/01\/Capture-decran-2026-01-14-015825-1.png",336,277,false],"thumbnail":["https:\/\/mellelilyjolie.com\/wp-content\/uploads\/2026\/01\/Capture-decran-2026-01-14-015825-1-150x150.png",150,150,true],"medium":["https:\/\/mellelilyjolie.com\/wp-content\/uploads\/2026\/01\/Capture-decran-2026-01-14-015825-1-300x247.png",300,247,true],"medium_large":["https:\/\/mellelilyjolie.com\/wp-content\/uploads\/2026\/01\/Capture-decran-2026-01-14-015825-1.png",336,277,false],"large":["https:\/\/mellelilyjolie.com\/wp-content\/uploads\/2026\/01\/Capture-decran-2026-01-14-015825-1.png",336,277,false],"post-slider-thumb-size":["https:\/\/mellelilyjolie.com\/wp-content\/uploads\/2026\/01\/Capture-decran-2026-01-14-015825-1-330x190.png",330,190,true],"post-category-slider-size":["https:\/\/mellelilyjolie.com\/wp-content\/uploads\/2026\/01\/Capture-decran-2026-01-14-015825-1-330x277.png",330,277,true],"1536x1536":["https:\/\/mellelilyjolie.com\/wp-content\/uploads\/2026\/01\/Capture-decran-2026-01-14-015825-1.png",336,277,false],"2048x2048":["https:\/\/mellelilyjolie.com\/wp-content\/uploads\/2026\/01\/Capture-decran-2026-01-14-015825-1.png",336,277,false],"ashe-slider-full-thumbnail":["https:\/\/mellelilyjolie.com\/wp-content\/uploads\/2026\/01\/Capture-decran-2026-01-14-015825-1.png",336,277,false],"ashe-full-thumbnail":["https:\/\/mellelilyjolie.com\/wp-content\/uploads\/2026\/01\/Capture-decran-2026-01-14-015825-1.png",336,277,false],"ashe-list-thumbnail":["https:\/\/mellelilyjolie.com\/wp-content\/uploads\/2026\/01\/Capture-decran-2026-01-14-015825-1-300x277.png",300,277,true],"ashe-grid-thumbnail":["https:\/\/mellelilyjolie.com\/wp-content\/uploads\/2026\/01\/Capture-decran-2026-01-14-015825-1.png",336,277,false],"ashe-single-navigation":["https:\/\/mellelilyjolie.com\/wp-content\/uploads\/2026\/01\/Capture-decran-2026-01-14-015825-1-75x75.png",75,75,true],"woocommerce_thumbnail":["https:\/\/mellelilyjolie.com\/wp-content\/uploads\/2026\/01\/Capture-decran-2026-01-14-015825-1-300x277.png",300,277,true],"woocommerce_single":["https:\/\/mellelilyjolie.com\/wp-content\/uploads\/2026\/01\/Capture-decran-2026-01-14-015825-1.png",336,277,false],"woocommerce_gallery_thumbnail":["https:\/\/mellelilyjolie.com\/wp-content\/uploads\/2026\/01\/Capture-decran-2026-01-14-015825-1-100x100.png",100,100,true]},"uagb_author_info":{"display_name":"admin7170","author_link":"https:\/\/mellelilyjolie.com\/index.php\/author\/"},"uagb_comment_info":0,"uagb_excerpt":"Un cadeau simple, symbolique et unique gr\u00e2ce \u00e0 la personnalisation.Exprimez vos sentiments avec un message, un pr\u00e9nom ou une date qui a du sens.Parfait pour offrir un souvenir durable et charg\u00e9 d\u2019\u00e9motion. Exp\u00e9di\u00e9 dans un d\u00e9lai de 7 \u00e0 10 jours ouvrables","jetpack_sharing_enabled":true,"_links":{"self":[{"href":"https:\/\/mellelilyjolie.com\/index.php\/wp-json\/wp\/v2\/product\/2602","targetHints":{"allow":["GET"]}}],"collection":[{"href":"https:\/\/mellelilyjolie.com\/index.php\/wp-json\/wp\/v2\/product"}],"about":[{"href":"https:\/\/mellelilyjolie.com\/index.php\/wp-json\/wp\/v2\/types\/product"}],"replies":[{"embeddable":true,"href":"https:\/\/mellelilyjolie.com\/index.php\/wp-json\/wp\/v2\/comments?post=2602"}],"wp:featuredmedia":[{"embeddable":true,"href":"https:\/\/mellelilyjolie.com\/index.php\/wp-json\/wp\/v2\/media\/2678"}],"wp:attachment":[{"href":"https:\/\/mellelilyjolie.com\/index.php\/wp-json\/wp\/v2\/media?parent=2602"}],"wp:term":[{"taxonomy":"product_brand","embeddable":true,"href":"https:\/\/mellelilyjolie.com\/index.php\/wp-json\/wp\/v2\/product_brand?post=2602"},{"taxonomy":"product_cat","embeddable":true,"href":"https:\/\/mellelilyjolie.com\/index.php\/wp-json\/wp\/v2\/product_cat?post=2602"},{"taxonomy":"product_tag","embeddable":true,"href":"https:\/\/mellelilyjolie.com\/index.php\/wp-json\/wp\/v2\/product_tag?post=2602"}],"curies":[{"name":"wp","href":"https:\/\/api.w.org\/{rel}","templated":true}]}}