{"id":2384,"date":"2025-11-15T01:12:11","date_gmt":"2025-11-15T00:12:11","guid":{"rendered":"https:\/\/mellelilyjolie.com\/?post_type=product&#038;p=2384"},"modified":"2025-11-15T01:20:16","modified_gmt":"2025-11-15T00:20:16","slug":"tee-shirt-femme-59","status":"publish","type":"product","link":"https:\/\/mellelilyjolie.com\/index.php\/produit\/tee-shirt-femme-59\/","title":{"rendered":"T-SHIRT HOMME"},"content":{"rendered":"<p>Cr\u00e9ez des souvenirs inoubliables avec notre t-shirt personnalis\u00e9, parfait pour le quotidien, pour immortaliser un moment sp\u00e9cial ou pour offrir en cadeau !<\/p>\n<p>Tailles Disponibles : Du XS au XXL, pour s&rsquo;adapter \u00e0 toutes les morphologies<\/p>\n<p>Personnalisation : Chaque t-shirt est unique, r\u00e9alis\u00e9 selon vos instructions et d\u00e9sirs. Ajoutez des noms, dates, messages, ou motifs particuliers pour cr\u00e9er un t-shirt qui vous ressemble<\/p>\n<p>Mati\u00e8re : 100% coton de haute qualit\u00e9, doux et confortable<\/p>\n<p>Couleurs : Choisissez parmi une gamme de couleurs pour personnaliser votre t-shirt : blanc ou noir<\/p>\n<p>Design : Optez pour des styles vari\u00e9s de police et de motifs pour une personnalisation compl\u00e8te<\/p>\n<p>Polyvalent : Id\u00e9al pour un usage quotidien, pour c\u00e9l\u00e9brer un \u00e9v\u00e9nement sp\u00e9cial, ou pour offrir en cadeau<\/p>\n<p>Entretien : Lavable en machine 30\u00b0 pour un entretien facile et repassage \u00e0 l&rsquo;envers \u00e0 temp\u00e9rature mod\u00e9r\u00e9. Notre t-shirt est con\u00e7u pour r\u00e9sister aux usages quotidiens.<\/p>\n","protected":false},"excerpt":{"rendered":"<p>Exprimez votre style avec un <strong data-start=\"29\" data-end=\"53\">T-shirt personnalis\u00e9<\/strong> qui vous ressemble. Chaque cr\u00e9ation est pens\u00e9e pour <strong data-start=\"106\" data-end=\"129\">sublimer vos tenues<\/strong> et affirmer votre personnalit\u00e9 \u00e0 travers un design unique. Plus qu\u2019un v\u00eatement, c\u2019est une fa\u00e7on de <strong data-start=\"229\" data-end=\"280\">cr\u00e9er des moments et des souvenirs inoubliables<\/strong>, tout en apportant une touche d\u2019originalit\u00e9 \u00e0 votre quotidien.<\/p>\n<p>&nbsp;<\/p>\n<p>Exp\u00e9di\u00e9 dans un d\u00e9lai de 7 \u00e0 10 jours ouvrables<\/p>\n","protected":false},"featured_media":2385,"comment_status":"open","ping_status":"closed","template":"","meta":{"_surecart_dashboard_logo_width":"180px","_surecart_dashboard_show_logo":true,"_surecart_dashboard_navigation_orders":true,"_surecart_dashboard_navigation_invoices":true,"_surecart_dashboard_navigation_subscriptions":true,"_surecart_dashboard_navigation_downloads":true,"_surecart_dashboard_navigation_billing":true,"_surecart_dashboard_navigation_account":true,"_uag_custom_page_level_css":""},"product_brand":[],"product_cat":[32,72],"product_tag":[],"class_list":{"0":"post-2384","1":"product","2":"type-product","3":"status-publish","4":"has-post-thumbnail","6":"product_cat-article-ni-repris-ni-echange","7":"product_cat-t-shirt","9":"first","10":"instock","11":"shipping-taxable","12":"purchasable","13":"product-type-variable"},"uagb_featured_image_src":{"full":["https:\/\/mellelilyjolie.com\/wp-content\/uploads\/2025\/11\/Portrait-dun-homme-confiant-1.png",1024,1024,false],"thumbnail":["https:\/\/mellelilyjolie.com\/wp-content\/uploads\/2025\/11\/Portrait-dun-homme-confiant-1-150x150.png",150,150,true],"medium":["https:\/\/mellelilyjolie.com\/wp-content\/uploads\/2025\/11\/Portrait-dun-homme-confiant-1-300x300.png",300,300,true],"medium_large":["https:\/\/mellelilyjolie.com\/wp-content\/uploads\/2025\/11\/Portrait-dun-homme-confiant-1-768x768.png",768,768,true],"large":["https:\/\/mellelilyjolie.com\/wp-content\/uploads\/2025\/11\/Portrait-dun-homme-confiant-1.png",960,960,false],"post-slider-thumb-size":["https:\/\/mellelilyjolie.com\/wp-content\/uploads\/2025\/11\/Portrait-dun-homme-confiant-1-330x190.png",330,190,true],"post-category-slider-size":["https:\/\/mellelilyjolie.com\/wp-content\/uploads\/2025\/11\/Portrait-dun-homme-confiant-1-330x350.png",330,350,true],"1536x1536":["https:\/\/mellelilyjolie.com\/wp-content\/uploads\/2025\/11\/Portrait-dun-homme-confiant-1.png",1024,1024,false],"2048x2048":["https:\/\/mellelilyjolie.com\/wp-content\/uploads\/2025\/11\/Portrait-dun-homme-confiant-1.png",1024,1024,false],"ashe-slider-full-thumbnail":["https:\/\/mellelilyjolie.com\/wp-content\/uploads\/2025\/11\/Portrait-dun-homme-confiant-1-1024x540.png",1024,540,true],"ashe-full-thumbnail":["https:\/\/mellelilyjolie.com\/wp-content\/uploads\/2025\/11\/Portrait-dun-homme-confiant-1.png",1024,1024,false],"ashe-list-thumbnail":["https:\/\/mellelilyjolie.com\/wp-content\/uploads\/2025\/11\/Portrait-dun-homme-confiant-1-300x300.png",300,300,true],"ashe-grid-thumbnail":["https:\/\/mellelilyjolie.com\/wp-content\/uploads\/2025\/11\/Portrait-dun-homme-confiant-1-500x330.png",500,330,true],"ashe-single-navigation":["https:\/\/mellelilyjolie.com\/wp-content\/uploads\/2025\/11\/Portrait-dun-homme-confiant-1-75x75.png",75,75,true],"woocommerce_thumbnail":["https:\/\/mellelilyjolie.com\/wp-content\/uploads\/2025\/11\/Portrait-dun-homme-confiant-1-300x300.png",300,300,true],"woocommerce_single":["https:\/\/mellelilyjolie.com\/wp-content\/uploads\/2025\/11\/Portrait-dun-homme-confiant-1-600x600.png",600,600,true],"woocommerce_gallery_thumbnail":["https:\/\/mellelilyjolie.com\/wp-content\/uploads\/2025\/11\/Portrait-dun-homme-confiant-1-100x100.png",100,100,true]},"uagb_author_info":{"display_name":"admin7170","author_link":"https:\/\/mellelilyjolie.com\/index.php\/author\/"},"uagb_comment_info":0,"uagb_excerpt":"Exprimez votre style avec un T-shirt personnalis\u00e9 qui vous ressemble. Chaque cr\u00e9ation est pens\u00e9e pour sublimer vos tenues et affirmer votre personnalit\u00e9 \u00e0 travers un design unique. Plus qu\u2019un v\u00eatement, c\u2019est une fa\u00e7on de cr\u00e9er des moments et des souvenirs inoubliables, tout en apportant une touche d\u2019originalit\u00e9 \u00e0 votre quotidien. &nbsp; Exp\u00e9di\u00e9 dans un d\u00e9lai\u2026","jetpack_sharing_enabled":true,"_links":{"self":[{"href":"https:\/\/mellelilyjolie.com\/index.php\/wp-json\/wp\/v2\/product\/2384","targetHints":{"allow":["GET"]}}],"collection":[{"href":"https:\/\/mellelilyjolie.com\/index.php\/wp-json\/wp\/v2\/product"}],"about":[{"href":"https:\/\/mellelilyjolie.com\/index.php\/wp-json\/wp\/v2\/types\/product"}],"replies":[{"embeddable":true,"href":"https:\/\/mellelilyjolie.com\/index.php\/wp-json\/wp\/v2\/comments?post=2384"}],"wp:featuredmedia":[{"embeddable":true,"href":"https:\/\/mellelilyjolie.com\/index.php\/wp-json\/wp\/v2\/media\/2385"}],"wp:attachment":[{"href":"https:\/\/mellelilyjolie.com\/index.php\/wp-json\/wp\/v2\/media?parent=2384"}],"wp:term":[{"taxonomy":"product_brand","embeddable":true,"href":"https:\/\/mellelilyjolie.com\/index.php\/wp-json\/wp\/v2\/product_brand?post=2384"},{"taxonomy":"product_cat","embeddable":true,"href":"https:\/\/mellelilyjolie.com\/index.php\/wp-json\/wp\/v2\/product_cat?post=2384"},{"taxonomy":"product_tag","embeddable":true,"href":"https:\/\/mellelilyjolie.com\/index.php\/wp-json\/wp\/v2\/product_tag?post=2384"}],"curies":[{"name":"wp","href":"https:\/\/api.w.org\/{rel}","templated":true}]}}