{"id":2207,"date":"2025-11-10T20:41:07","date_gmt":"2025-11-10T19:41:07","guid":{"rendered":"https:\/\/mellelilyjolie.com\/?post_type=product&#038;p=2207"},"modified":"2025-11-10T20:42:35","modified_gmt":"2025-11-10T19:42:35","slug":"tote-bag-tribal-color","status":"publish","type":"product","link":"https:\/\/mellelilyjolie.com\/index.php\/produit\/tote-bag-tribal-color\/","title":{"rendered":"TOTE BAG &#8211; TRIBAL COLOR"},"content":{"rendered":"<p>La densit\u00e9 du <span title=\"Fibres r\u00e9colt\u00e9es au sein des gousses de cotonnier. Elles mesurent entre 5 et 10 cm de long et peuvent \u00eatre fil\u00e9es en fils, lesquels sont ensuite tiss\u00e9s dans des tissus en coton.\" data-toggle=\"tooltip\" data-placement=\"right\">coton<\/span>\u00a0de 140 g\/m\u00b2 rend le sac robuste, durable et adapt\u00e9 au transport d&rsquo;articles lourds dans le compartiment principal. Avec ses poign\u00e9es de 30 cm de long, ce sac fourre-tout est facile \u00e0 transporter.<\/p>\n<p>Entretien : Lavable en machine 30\u00b0 pour un entretien facile et repassage \u00e0 l&rsquo;envers \u00e0 temp\u00e9rature mod\u00e9r\u00e9. Notre tote bag est con\u00e7u pour r\u00e9sister aux usages quotidiens.<\/p>\n","protected":false},"excerpt":{"rendered":"<p>Affichez fi\u00e8rement vos origines avec nos <strong data-start=\"41\" data-end=\"101\">tote bags personnalis\u00e9s aux couleurs de la Guin\u00e9e-Bissau<\/strong>. Pratiques, durables et pleins de caract\u00e8re, ils allient <strong data-start=\"159\" data-end=\"199\">style, culture et identit\u00e9 africaine<\/strong> pour accompagner vos journ\u00e9es avec authenticit\u00e9. Chaque mod\u00e8le est une <strong data-start=\"271\" data-end=\"290\">cr\u00e9ation unique<\/strong>, pens\u00e9e pour c\u00e9l\u00e9brer la richesse et la fiert\u00e9 guin\u00e9enne.<\/p>\n<p>&nbsp;<\/p>\n<p>Exp\u00e9di\u00e9 dans un d\u00e9lai de 7 \u00e0 10 jours ouvrables<\/p>\n","protected":false},"featured_media":2197,"comment_status":"open","ping_status":"closed","template":"","meta":{"_surecart_dashboard_logo_width":"180px","_surecart_dashboard_show_logo":true,"_surecart_dashboard_navigation_orders":true,"_surecart_dashboard_navigation_invoices":true,"_surecart_dashboard_navigation_subscriptions":true,"_surecart_dashboard_navigation_downloads":true,"_surecart_dashboard_navigation_billing":true,"_surecart_dashboard_navigation_account":true,"_uag_custom_page_level_css":""},"product_brand":[],"product_cat":[196],"product_tag":[],"class_list":{"0":"post-2207","1":"product","2":"type-product","3":"status-publish","4":"has-post-thumbnail","6":"product_cat-tote-bag-collection","8":"first","9":"instock","10":"shipping-taxable","11":"purchasable","12":"product-type-variable"},"uagb_featured_image_src":{"full":["https:\/\/mellelilyjolie.com\/wp-content\/uploads\/2025\/11\/livret-collection-MANJACK-BY-MLJ-2025-11-10T193035.667.png",1414,2000,false],"thumbnail":["https:\/\/mellelilyjolie.com\/wp-content\/uploads\/2025\/11\/livret-collection-MANJACK-BY-MLJ-2025-11-10T193035.667-150x150.png",150,150,true],"medium":["https:\/\/mellelilyjolie.com\/wp-content\/uploads\/2025\/11\/livret-collection-MANJACK-BY-MLJ-2025-11-10T193035.667-212x300.png",212,300,true],"medium_large":["https:\/\/mellelilyjolie.com\/wp-content\/uploads\/2025\/11\/livret-collection-MANJACK-BY-MLJ-2025-11-10T193035.667-768x1086.png",768,1086,true],"large":["https:\/\/mellelilyjolie.com\/wp-content\/uploads\/2025\/11\/livret-collection-MANJACK-BY-MLJ-2025-11-10T193035.667-724x1024.png",724,1024,true],"post-slider-thumb-size":["https:\/\/mellelilyjolie.com\/wp-content\/uploads\/2025\/11\/livret-collection-MANJACK-BY-MLJ-2025-11-10T193035.667-330x190.png",330,190,true],"post-category-slider-size":["https:\/\/mellelilyjolie.com\/wp-content\/uploads\/2025\/11\/livret-collection-MANJACK-BY-MLJ-2025-11-10T193035.667-330x350.png",330,350,true],"1536x1536":["https:\/\/mellelilyjolie.com\/wp-content\/uploads\/2025\/11\/livret-collection-MANJACK-BY-MLJ-2025-11-10T193035.667.png",1086,1536,false],"2048x2048":["https:\/\/mellelilyjolie.com\/wp-content\/uploads\/2025\/11\/livret-collection-MANJACK-BY-MLJ-2025-11-10T193035.667.png",1414,2000,false],"ashe-slider-full-thumbnail":["https:\/\/mellelilyjolie.com\/wp-content\/uploads\/2025\/11\/livret-collection-MANJACK-BY-MLJ-2025-11-10T193035.667.png",382,540,false],"ashe-full-thumbnail":["https:\/\/mellelilyjolie.com\/wp-content\/uploads\/2025\/11\/livret-collection-MANJACK-BY-MLJ-2025-11-10T193035.667.png",1140,1612,false],"ashe-list-thumbnail":["https:\/\/mellelilyjolie.com\/wp-content\/uploads\/2025\/11\/livret-collection-MANJACK-BY-MLJ-2025-11-10T193035.667.png",212,300,false],"ashe-grid-thumbnail":["https:\/\/mellelilyjolie.com\/wp-content\/uploads\/2025\/11\/livret-collection-MANJACK-BY-MLJ-2025-11-10T193035.667.png",233,330,false],"ashe-single-navigation":["https:\/\/mellelilyjolie.com\/wp-content\/uploads\/2025\/11\/livret-collection-MANJACK-BY-MLJ-2025-11-10T193035.667.png",53,75,false],"woocommerce_thumbnail":["https:\/\/mellelilyjolie.com\/wp-content\/uploads\/2025\/11\/livret-collection-MANJACK-BY-MLJ-2025-11-10T193035.667-300x300.png",300,300,true],"woocommerce_single":["https:\/\/mellelilyjolie.com\/wp-content\/uploads\/2025\/11\/livret-collection-MANJACK-BY-MLJ-2025-11-10T193035.667.png",600,849,false],"woocommerce_gallery_thumbnail":["https:\/\/mellelilyjolie.com\/wp-content\/uploads\/2025\/11\/livret-collection-MANJACK-BY-MLJ-2025-11-10T193035.667-100x100.png",100,100,true]},"uagb_author_info":{"display_name":"admin7170","author_link":"https:\/\/mellelilyjolie.com\/index.php\/author\/"},"uagb_comment_info":0,"uagb_excerpt":"Affichez fi\u00e8rement vos origines avec nos tote bags personnalis\u00e9s aux couleurs de la Guin\u00e9e-Bissau. Pratiques, durables et pleins de caract\u00e8re, ils allient style, culture et identit\u00e9 africaine pour accompagner vos journ\u00e9es avec authenticit\u00e9. Chaque mod\u00e8le est une cr\u00e9ation unique, pens\u00e9e pour c\u00e9l\u00e9brer la richesse et la fiert\u00e9 guin\u00e9enne. &nbsp; Exp\u00e9di\u00e9 dans un d\u00e9lai de 7\u2026","jetpack_sharing_enabled":true,"_links":{"self":[{"href":"https:\/\/mellelilyjolie.com\/index.php\/wp-json\/wp\/v2\/product\/2207","targetHints":{"allow":["GET"]}}],"collection":[{"href":"https:\/\/mellelilyjolie.com\/index.php\/wp-json\/wp\/v2\/product"}],"about":[{"href":"https:\/\/mellelilyjolie.com\/index.php\/wp-json\/wp\/v2\/types\/product"}],"replies":[{"embeddable":true,"href":"https:\/\/mellelilyjolie.com\/index.php\/wp-json\/wp\/v2\/comments?post=2207"}],"wp:featuredmedia":[{"embeddable":true,"href":"https:\/\/mellelilyjolie.com\/index.php\/wp-json\/wp\/v2\/media\/2197"}],"wp:attachment":[{"href":"https:\/\/mellelilyjolie.com\/index.php\/wp-json\/wp\/v2\/media?parent=2207"}],"wp:term":[{"taxonomy":"product_brand","embeddable":true,"href":"https:\/\/mellelilyjolie.com\/index.php\/wp-json\/wp\/v2\/product_brand?post=2207"},{"taxonomy":"product_cat","embeddable":true,"href":"https:\/\/mellelilyjolie.com\/index.php\/wp-json\/wp\/v2\/product_cat?post=2207"},{"taxonomy":"product_tag","embeddable":true,"href":"https:\/\/mellelilyjolie.com\/index.php\/wp-json\/wp\/v2\/product_tag?post=2207"}],"curies":[{"name":"wp","href":"https:\/\/api.w.org\/{rel}","templated":true}]}}