{"id":208,"date":"2024-08-23T23:09:50","date_gmt":"2024-08-23T21:09:50","guid":{"rendered":"https:\/\/mellelilyjolie.com\/?post_type=product&#038;p=208"},"modified":"2025-11-14T23:31:36","modified_gmt":"2025-11-14T22:31:36","slug":"tee-shirt-femme-22","status":"publish","type":"product","link":"https:\/\/mellelilyjolie.com\/index.php\/produit\/tee-shirt-femme-22\/","title":{"rendered":"Tasse Personnalis\u00e9e"},"content":{"rendered":"<p>&nbsp;<\/p>\n<p>Personnalisation : Chaque tasse est r\u00e9alis\u00e9e sur mesure selon vos instructions et d\u00e9sirs. Ajoutez des noms, dates, messages, ou motifs particuliers pour cr\u00e9er une tasse qui vous ressemble.<\/p>\n<p>Qualit\u00e9 : Fabriqu\u00e9e en c\u00e9ramique de haute qualit\u00e9, notre tasse est durable et r\u00e9sistante \u00e0 la chaleur.<\/p>\n<p>Utilisation : Convient aussi bien pour les boissons chaudes comme le caf\u00e9 ou le th\u00e9, que pour les boissons froides comme les jus ou les smoothies.<\/p>\n<p>Design : Choisissez parmi une large gamme de couleurs, styles de police et motifs pour une personnalisation compl\u00e8te.<\/p>\n<p>Entretien : Lavable en machine pour un entretien facile, notre tasse est con\u00e7ue pour r\u00e9sister aux usages quotidiens.<\/p>\n","protected":false},"excerpt":{"rendered":"<p>&nbsp; Personnalisation : Chaque tasse est r\u00e9alis\u00e9e sur mesure selon vos instructions et d\u00e9sirs. Ajoutez des noms, dates, messages, ou motifs particuliers pour cr\u00e9er une tasse qui vous ressemble. Qualit\u00e9 : Fabriqu\u00e9e en c\u00e9ramique de haute qualit\u00e9, notre tasse est durable et r\u00e9sistante \u00e0 la chaleur. Utilisation : Convient aussi bien pour les boissons chaudes comme le caf\u00e9 ou le th\u00e9, que pour les boissons froides comme les jus ou les smoothies. Design : Choisissez parmi une large gamme de couleurs, styles de police et motifs pour une personnalisation compl\u00e8te. Entretien : Lavable en machine pour un entretien facile, notre tasse est con\u00e7ue pour r\u00e9sister aux usages quotidiens.<\/p>\n","protected":false},"featured_media":1555,"comment_status":"open","ping_status":"closed","template":"","meta":{"_surecart_dashboard_logo_width":"180px","_surecart_dashboard_show_logo":true,"_surecart_dashboard_navigation_orders":true,"_surecart_dashboard_navigation_invoices":true,"_surecart_dashboard_navigation_subscriptions":true,"_surecart_dashboard_navigation_downloads":true,"_surecart_dashboard_navigation_billing":true,"_surecart_dashboard_navigation_account":true,"_uag_custom_page_level_css":""},"product_brand":[],"product_cat":[32,74],"product_tag":[],"class_list":{"0":"post-208","1":"product","2":"type-product","3":"status-publish","4":"has-post-thumbnail","6":"product_cat-article-ni-repris-ni-echange","7":"product_cat-sublimation","8":"product_shipping_class-leger","10":"first","11":"instock","12":"shipping-taxable","13":"purchasable","14":"product-type-simple"},"uagb_featured_image_src":{"full":["https:\/\/mellelilyjolie.com\/wp-content\/uploads\/2024\/08\/Gemini_Generated_Image_2nt2ll2nt2ll2nt2.png",864,1184,false],"thumbnail":["https:\/\/mellelilyjolie.com\/wp-content\/uploads\/2024\/08\/Gemini_Generated_Image_2nt2ll2nt2ll2nt2-150x150.png",150,150,true],"medium":["https:\/\/mellelilyjolie.com\/wp-content\/uploads\/2024\/08\/Gemini_Generated_Image_2nt2ll2nt2ll2nt2-219x300.png",219,300,true],"medium_large":["https:\/\/mellelilyjolie.com\/wp-content\/uploads\/2024\/08\/Gemini_Generated_Image_2nt2ll2nt2ll2nt2-768x1052.png",768,1052,true],"large":["https:\/\/mellelilyjolie.com\/wp-content\/uploads\/2024\/08\/Gemini_Generated_Image_2nt2ll2nt2ll2nt2-747x1024.png",747,1024,true],"post-slider-thumb-size":["https:\/\/mellelilyjolie.com\/wp-content\/uploads\/2024\/08\/Gemini_Generated_Image_2nt2ll2nt2ll2nt2-330x190.png",330,190,true],"post-category-slider-size":["https:\/\/mellelilyjolie.com\/wp-content\/uploads\/2024\/08\/Gemini_Generated_Image_2nt2ll2nt2ll2nt2-330x350.png",330,350,true],"1536x1536":["https:\/\/mellelilyjolie.com\/wp-content\/uploads\/2024\/08\/Gemini_Generated_Image_2nt2ll2nt2ll2nt2.png",864,1184,false],"2048x2048":["https:\/\/mellelilyjolie.com\/wp-content\/uploads\/2024\/08\/Gemini_Generated_Image_2nt2ll2nt2ll2nt2.png",864,1184,false],"ashe-slider-full-thumbnail":["https:\/\/mellelilyjolie.com\/wp-content\/uploads\/2024\/08\/Gemini_Generated_Image_2nt2ll2nt2ll2nt2-864x540.png",864,540,true],"ashe-full-thumbnail":["https:\/\/mellelilyjolie.com\/wp-content\/uploads\/2024\/08\/Gemini_Generated_Image_2nt2ll2nt2ll2nt2.png",864,1184,false],"ashe-list-thumbnail":["https:\/\/mellelilyjolie.com\/wp-content\/uploads\/2024\/08\/Gemini_Generated_Image_2nt2ll2nt2ll2nt2-300x300.png",300,300,true],"ashe-grid-thumbnail":["https:\/\/mellelilyjolie.com\/wp-content\/uploads\/2024\/08\/Gemini_Generated_Image_2nt2ll2nt2ll2nt2-500x330.png",500,330,true],"ashe-single-navigation":["https:\/\/mellelilyjolie.com\/wp-content\/uploads\/2024\/08\/Gemini_Generated_Image_2nt2ll2nt2ll2nt2-75x75.png",75,75,true],"woocommerce_thumbnail":["https:\/\/mellelilyjolie.com\/wp-content\/uploads\/2024\/08\/Gemini_Generated_Image_2nt2ll2nt2ll2nt2-300x300.png",300,300,true],"woocommerce_single":["https:\/\/mellelilyjolie.com\/wp-content\/uploads\/2024\/08\/Gemini_Generated_Image_2nt2ll2nt2ll2nt2.png",600,822,false],"woocommerce_gallery_thumbnail":["https:\/\/mellelilyjolie.com\/wp-content\/uploads\/2024\/08\/Gemini_Generated_Image_2nt2ll2nt2ll2nt2-100x100.png",100,100,true]},"uagb_author_info":{"display_name":"admin7170","author_link":"https:\/\/mellelilyjolie.com\/index.php\/author\/"},"uagb_comment_info":0,"uagb_excerpt":"&nbsp; Personnalisation : Chaque tasse est r\u00e9alis\u00e9e sur mesure selon vos instructions et d\u00e9sirs. Ajoutez des noms, dates, messages, ou motifs particuliers pour cr\u00e9er une tasse qui vous ressemble. Qualit\u00e9 : Fabriqu\u00e9e en c\u00e9ramique de haute qualit\u00e9, notre tasse est durable et r\u00e9sistante \u00e0 la chaleur. Utilisation : Convient aussi bien pour les boissons chaudes\u2026","jetpack_sharing_enabled":true,"_links":{"self":[{"href":"https:\/\/mellelilyjolie.com\/index.php\/wp-json\/wp\/v2\/product\/208","targetHints":{"allow":["GET"]}}],"collection":[{"href":"https:\/\/mellelilyjolie.com\/index.php\/wp-json\/wp\/v2\/product"}],"about":[{"href":"https:\/\/mellelilyjolie.com\/index.php\/wp-json\/wp\/v2\/types\/product"}],"replies":[{"embeddable":true,"href":"https:\/\/mellelilyjolie.com\/index.php\/wp-json\/wp\/v2\/comments?post=208"}],"wp:featuredmedia":[{"embeddable":true,"href":"https:\/\/mellelilyjolie.com\/index.php\/wp-json\/wp\/v2\/media\/1555"}],"wp:attachment":[{"href":"https:\/\/mellelilyjolie.com\/index.php\/wp-json\/wp\/v2\/media?parent=208"}],"wp:term":[{"taxonomy":"product_brand","embeddable":true,"href":"https:\/\/mellelilyjolie.com\/index.php\/wp-json\/wp\/v2\/product_brand?post=208"},{"taxonomy":"product_cat","embeddable":true,"href":"https:\/\/mellelilyjolie.com\/index.php\/wp-json\/wp\/v2\/product_cat?post=208"},{"taxonomy":"product_tag","embeddable":true,"href":"https:\/\/mellelilyjolie.com\/index.php\/wp-json\/wp\/v2\/product_tag?post=208"}],"curies":[{"name":"wp","href":"https:\/\/api.w.org\/{rel}","templated":true}]}}