{"id":1622,"date":"2025-10-30T11:44:28","date_gmt":"2025-10-30T10:44:28","guid":{"rendered":"https:\/\/mellelilyjolie.com\/?post_type=product&#038;p=1622"},"modified":"2025-11-15T00:48:58","modified_gmt":"2025-11-14T23:48:58","slug":"sweat-capuche-effet-brode","status":"publish","type":"product","link":"https:\/\/mellelilyjolie.com\/index.php\/produit\/sweat-capuche-effet-brode\/","title":{"rendered":"SWEAT CAPUCHE \u00ab\u00a0EFFET BROD\u00c9\u00a0\u00bb"},"content":{"rendered":"<p>Tailles Disponibles : Du XS au XXL, pour s\u2019adapter \u00e0 toutes les morphologies<\/p>\n<p>Mati\u00e8re : 50% de\u00a0coton et \u00e0 50% de polyester, doux et confortable (grammage de 270g\/m)<\/p>\n<p>Couleurs : Choisissez parmi une\u00a0 gamme de couleurs pour personnaliser votre t-shirt : blanc ou noir<\/p>\n<p>Polyvalent : Id\u00e9al pour un usage quotidien, pour c\u00e9l\u00e9brer un \u00e9v\u00e9nement sp\u00e9cial, ou pour offrir en cadeau<\/p>\n<p>Entretien : Lavable en machine 30\u00b0 pour un entretien facile et repassage \u00e0 l\u2019envers \u00e0 temp\u00e9rature mod\u00e9r\u00e9. Notre t-shirt est con\u00e7u pour r\u00e9sister aux usages quotidiens.<\/p>\n","protected":false},"excerpt":{"rendered":"<p>Plongez au c\u0153ur de l\u2019h\u00e9ritage africain avec ce <strong data-start=\"248\" data-end=\"274\">\u00a0sweat \u00e0 capuche Manjak<\/strong>, une cr\u00e9ation unique sign\u00e9e par une <strong data-start=\"311\" data-end=\"357\">cr\u00e9atrice fi\u00e8re de ses origines guin\u00e9ennes<\/strong>. Chaque pi\u00e8ce est bien plus qu\u2019un simple v\u00eatement : c\u2019est une <strong data-start=\"420\" data-end=\"448\">toile culturelle vivante<\/strong>, inspir\u00e9e par la richesse et la profondeur du peuple <strong data-start=\"502\" data-end=\"529\">Manjak de Guin\u00e9e-Bissau.<\/strong><\/p>\n<p>&nbsp;<\/p>\n<p>Exp\u00e9di\u00e9 dans un d\u00e9lai de 7 \u00e0 10 jours ouvrables<\/p>\n","protected":false},"featured_media":1629,"comment_status":"open","ping_status":"closed","template":"","meta":{"_surecart_dashboard_logo_width":"180px","_surecart_dashboard_show_logo":true,"_surecart_dashboard_navigation_orders":true,"_surecart_dashboard_navigation_invoices":true,"_surecart_dashboard_navigation_subscriptions":true,"_surecart_dashboard_navigation_downloads":true,"_surecart_dashboard_navigation_billing":true,"_surecart_dashboard_navigation_account":true,"_uag_custom_page_level_css":""},"product_brand":[],"product_cat":[130,145],"product_tag":[],"class_list":{"0":"post-1622","1":"product","2":"type-product","3":"status-publish","4":"has-post-thumbnail","6":"product_cat-collection-manjack","7":"product_cat-sweat-a-capuche","9":"first","10":"instock","11":"shipping-taxable","12":"purchasable","13":"product-type-variable"},"uagb_featured_image_src":{"full":["https:\/\/mellelilyjolie.com\/wp-content\/uploads\/2025\/10\/livret-collection-MANJACK-BY-MLJ-27.png",1414,2000,false],"thumbnail":["https:\/\/mellelilyjolie.com\/wp-content\/uploads\/2025\/10\/livret-collection-MANJACK-BY-MLJ-27-150x150.png",150,150,true],"medium":["https:\/\/mellelilyjolie.com\/wp-content\/uploads\/2025\/10\/livret-collection-MANJACK-BY-MLJ-27-212x300.png",212,300,true],"medium_large":["https:\/\/mellelilyjolie.com\/wp-content\/uploads\/2025\/10\/livret-collection-MANJACK-BY-MLJ-27-768x1086.png",768,1086,true],"large":["https:\/\/mellelilyjolie.com\/wp-content\/uploads\/2025\/10\/livret-collection-MANJACK-BY-MLJ-27-724x1024.png",724,1024,true],"post-slider-thumb-size":["https:\/\/mellelilyjolie.com\/wp-content\/uploads\/2025\/10\/livret-collection-MANJACK-BY-MLJ-27-330x190.png",330,190,true],"post-category-slider-size":["https:\/\/mellelilyjolie.com\/wp-content\/uploads\/2025\/10\/livret-collection-MANJACK-BY-MLJ-27-330x350.png",330,350,true],"1536x1536":["https:\/\/mellelilyjolie.com\/wp-content\/uploads\/2025\/10\/livret-collection-MANJACK-BY-MLJ-27-1086x1536.png",1086,1536,true],"2048x2048":["https:\/\/mellelilyjolie.com\/wp-content\/uploads\/2025\/10\/livret-collection-MANJACK-BY-MLJ-27.png",1414,2000,false],"ashe-slider-full-thumbnail":["https:\/\/mellelilyjolie.com\/wp-content\/uploads\/2025\/10\/livret-collection-MANJACK-BY-MLJ-27-1080x540.png",1080,540,true],"ashe-full-thumbnail":["https:\/\/mellelilyjolie.com\/wp-content\/uploads\/2025\/10\/livret-collection-MANJACK-BY-MLJ-27.png",1140,1612,false],"ashe-list-thumbnail":["https:\/\/mellelilyjolie.com\/wp-content\/uploads\/2025\/10\/livret-collection-MANJACK-BY-MLJ-27.png",212,300,false],"ashe-grid-thumbnail":["https:\/\/mellelilyjolie.com\/wp-content\/uploads\/2025\/10\/livret-collection-MANJACK-BY-MLJ-27.png",233,330,false],"ashe-single-navigation":["https:\/\/mellelilyjolie.com\/wp-content\/uploads\/2025\/10\/livret-collection-MANJACK-BY-MLJ-27.png",53,75,false],"woocommerce_thumbnail":["https:\/\/mellelilyjolie.com\/wp-content\/uploads\/2025\/10\/livret-collection-MANJACK-BY-MLJ-27-300x300.png",300,300,true],"woocommerce_single":["https:\/\/mellelilyjolie.com\/wp-content\/uploads\/2025\/10\/livret-collection-MANJACK-BY-MLJ-27.png",600,849,false],"woocommerce_gallery_thumbnail":["https:\/\/mellelilyjolie.com\/wp-content\/uploads\/2025\/10\/livret-collection-MANJACK-BY-MLJ-27-100x100.png",100,100,true]},"uagb_author_info":{"display_name":"admin7170","author_link":"https:\/\/mellelilyjolie.com\/index.php\/author\/"},"uagb_comment_info":0,"uagb_excerpt":"Plongez au c\u0153ur de l\u2019h\u00e9ritage africain avec ce \u00a0sweat \u00e0 capuche Manjak, une cr\u00e9ation unique sign\u00e9e par une cr\u00e9atrice fi\u00e8re de ses origines guin\u00e9ennes. Chaque pi\u00e8ce est bien plus qu\u2019un simple v\u00eatement : c\u2019est une toile culturelle vivante, inspir\u00e9e par la richesse et la profondeur du peuple Manjak de Guin\u00e9e-Bissau. &nbsp; Exp\u00e9di\u00e9 dans un d\u00e9lai\u2026","jetpack_sharing_enabled":true,"_links":{"self":[{"href":"https:\/\/mellelilyjolie.com\/index.php\/wp-json\/wp\/v2\/product\/1622","targetHints":{"allow":["GET"]}}],"collection":[{"href":"https:\/\/mellelilyjolie.com\/index.php\/wp-json\/wp\/v2\/product"}],"about":[{"href":"https:\/\/mellelilyjolie.com\/index.php\/wp-json\/wp\/v2\/types\/product"}],"replies":[{"embeddable":true,"href":"https:\/\/mellelilyjolie.com\/index.php\/wp-json\/wp\/v2\/comments?post=1622"}],"wp:featuredmedia":[{"embeddable":true,"href":"https:\/\/mellelilyjolie.com\/index.php\/wp-json\/wp\/v2\/media\/1629"}],"wp:attachment":[{"href":"https:\/\/mellelilyjolie.com\/index.php\/wp-json\/wp\/v2\/media?parent=1622"}],"wp:term":[{"taxonomy":"product_brand","embeddable":true,"href":"https:\/\/mellelilyjolie.com\/index.php\/wp-json\/wp\/v2\/product_brand?post=1622"},{"taxonomy":"product_cat","embeddable":true,"href":"https:\/\/mellelilyjolie.com\/index.php\/wp-json\/wp\/v2\/product_cat?post=1622"},{"taxonomy":"product_tag","embeddable":true,"href":"https:\/\/mellelilyjolie.com\/index.php\/wp-json\/wp\/v2\/product_tag?post=1622"}],"curies":[{"name":"wp","href":"https:\/\/api.w.org\/{rel}","templated":true}]}}