{"id":1537,"date":"2025-10-23T16:24:48","date_gmt":"2025-10-23T14:24:48","guid":{"rendered":"https:\/\/mellelilyjolie.com\/?post_type=product&#038;p=1537"},"modified":"2025-12-01T03:45:22","modified_gmt":"2025-12-01T02:45:22","slug":"sac-cabas-personnalisable","status":"publish","type":"product","link":"https:\/\/mellelilyjolie.com\/index.php\/produit\/sac-cabas-personnalisable\/","title":{"rendered":"SAC CABAS &#8211; Personnalisable"},"content":{"rendered":"<p>Sac cabas en <span title=\"Tissu lourd, \u00e9troitement tiss\u00e9 en coton ou en lin, utilis\u00e9 \u00e0 l'origine pour fabriquer des tentes et des voiles. \" data-toggle=\"tooltip\" data-placement=\"right\">toile<\/span>\u00a0de jute:<br \/>\nComposition:\u00a0<span title=\"Tissu lourd, \u00e9troitement tiss\u00e9 en coton ou en lin, utilis\u00e9 \u00e0 l'origine pour fabriquer des tentes et des voiles. \" data-toggle=\"tooltip\" data-placement=\"right\">Toile<\/span>\u00a0de\u00a0<span title=\"Nom masculin d\u2019origine v\u00e9g\u00e9tale. Fibres provenant du liber des tiges du Corchorus clitorius. La fibre dite lib\u00e9rienne (situ\u00e9edans le liber) est extraite de la tige d'une plante (le corchorus)appel\u00e9e commun\u00e9ment jute ou chanvre du Bengale\" data-toggle=\"tooltip\" data-placement=\"right\">jute<\/span>\u00a0et poign\u00e9es en\u00a0<span title=\"Fibres r\u00e9colt\u00e9es au sein des gousses de cotonnier. Elles mesurent entre 5 et 10 cm de long et peuvent \u00eatre fil\u00e9es en fils, lesquels sont ensuite tiss\u00e9s dans des tissus en coton.\" data-toggle=\"tooltip\" data-placement=\"right\">coton<\/span>.<br \/>\nLongueur des poign\u00e9es: 55cm.<br \/>\nDimensions: 42x33x19 cm.<br \/>\nGrammage: 270g\/m\u00b2.<br \/>\nVolume: 21 litres.<\/p>\n","protected":false},"excerpt":{"rendered":"<p>Ajoutez une touche personnelle \u00e0 vos moments de d\u00e9gustation avec notre tasse personnalis\u00e9e avec une photo, un message, une image . Que ce soit pour le quotidien, pour une occasion sp\u00e9ciale ou pour offrir en cadeau, cette tasse est parfaite pour immortaliser un moment unique.Le sac id\u00e9al \u00e0 offrir lors d&rsquo;un \u00e9v\u00e9nement, d&rsquo;une conf\u00e9rence ou \u00e0 utiliser comme sac \u00e0 provisions pour les petites courses.<\/p>\n","protected":false},"featured_media":1548,"comment_status":"open","ping_status":"closed","template":"","meta":{"_surecart_dashboard_logo_width":"180px","_surecart_dashboard_show_logo":true,"_surecart_dashboard_navigation_orders":true,"_surecart_dashboard_navigation_invoices":true,"_surecart_dashboard_navigation_subscriptions":true,"_surecart_dashboard_navigation_downloads":true,"_surecart_dashboard_navigation_billing":true,"_surecart_dashboard_navigation_account":true,"_uag_custom_page_level_css":""},"product_brand":[],"product_cat":[144],"product_tag":[],"class_list":{"0":"post-1537","1":"product","2":"type-product","3":"status-publish","4":"has-post-thumbnail","6":"product_cat-tote-bag-2","8":"first","9":"instock","10":"shipping-taxable","11":"purchasable","12":"product-type-variable"},"uagb_featured_image_src":{"full":["https:\/\/mellelilyjolie.com\/wp-content\/uploads\/2025\/10\/Gemini_Generated_Image_nko81fnko81fnko8.png",960,1088,false],"thumbnail":["https:\/\/mellelilyjolie.com\/wp-content\/uploads\/2025\/10\/Gemini_Generated_Image_nko81fnko81fnko8-150x150.png",150,150,true],"medium":["https:\/\/mellelilyjolie.com\/wp-content\/uploads\/2025\/10\/Gemini_Generated_Image_nko81fnko81fnko8-265x300.png",265,300,true],"medium_large":["https:\/\/mellelilyjolie.com\/wp-content\/uploads\/2025\/10\/Gemini_Generated_Image_nko81fnko81fnko8-768x870.png",768,870,true],"large":["https:\/\/mellelilyjolie.com\/wp-content\/uploads\/2025\/10\/Gemini_Generated_Image_nko81fnko81fnko8-904x1024.png",904,1024,true],"post-slider-thumb-size":["https:\/\/mellelilyjolie.com\/wp-content\/uploads\/2025\/10\/Gemini_Generated_Image_nko81fnko81fnko8-330x190.png",330,190,true],"post-category-slider-size":["https:\/\/mellelilyjolie.com\/wp-content\/uploads\/2025\/10\/Gemini_Generated_Image_nko81fnko81fnko8-330x350.png",330,350,true],"1536x1536":["https:\/\/mellelilyjolie.com\/wp-content\/uploads\/2025\/10\/Gemini_Generated_Image_nko81fnko81fnko8.png",960,1088,false],"2048x2048":["https:\/\/mellelilyjolie.com\/wp-content\/uploads\/2025\/10\/Gemini_Generated_Image_nko81fnko81fnko8.png",960,1088,false],"ashe-slider-full-thumbnail":["https:\/\/mellelilyjolie.com\/wp-content\/uploads\/2025\/10\/Gemini_Generated_Image_nko81fnko81fnko8-960x540.png",960,540,true],"ashe-full-thumbnail":["https:\/\/mellelilyjolie.com\/wp-content\/uploads\/2025\/10\/Gemini_Generated_Image_nko81fnko81fnko8.png",960,1088,false],"ashe-list-thumbnail":["https:\/\/mellelilyjolie.com\/wp-content\/uploads\/2025\/10\/Gemini_Generated_Image_nko81fnko81fnko8-300x300.png",300,300,true],"ashe-grid-thumbnail":["https:\/\/mellelilyjolie.com\/wp-content\/uploads\/2025\/10\/Gemini_Generated_Image_nko81fnko81fnko8-500x330.png",500,330,true],"ashe-single-navigation":["https:\/\/mellelilyjolie.com\/wp-content\/uploads\/2025\/10\/Gemini_Generated_Image_nko81fnko81fnko8-75x75.png",75,75,true],"woocommerce_thumbnail":["https:\/\/mellelilyjolie.com\/wp-content\/uploads\/2025\/10\/Gemini_Generated_Image_nko81fnko81fnko8-300x300.png",300,300,true],"woocommerce_single":["https:\/\/mellelilyjolie.com\/wp-content\/uploads\/2025\/10\/Gemini_Generated_Image_nko81fnko81fnko8.png",600,680,false],"woocommerce_gallery_thumbnail":["https:\/\/mellelilyjolie.com\/wp-content\/uploads\/2025\/10\/Gemini_Generated_Image_nko81fnko81fnko8-100x100.png",100,100,true]},"uagb_author_info":{"display_name":"admin7170","author_link":"https:\/\/mellelilyjolie.com\/index.php\/author\/"},"uagb_comment_info":0,"uagb_excerpt":"Ajoutez une touche personnelle \u00e0 vos moments de d\u00e9gustation avec notre tasse personnalis\u00e9e avec une photo, un message, une image . Que ce soit pour le quotidien, pour une occasion sp\u00e9ciale ou pour offrir en cadeau, cette tasse est parfaite pour immortaliser un moment unique.Le sac id\u00e9al \u00e0 offrir lors d'un \u00e9v\u00e9nement, d'une conf\u00e9rence ou\u2026","jetpack_sharing_enabled":true,"_links":{"self":[{"href":"https:\/\/mellelilyjolie.com\/index.php\/wp-json\/wp\/v2\/product\/1537","targetHints":{"allow":["GET"]}}],"collection":[{"href":"https:\/\/mellelilyjolie.com\/index.php\/wp-json\/wp\/v2\/product"}],"about":[{"href":"https:\/\/mellelilyjolie.com\/index.php\/wp-json\/wp\/v2\/types\/product"}],"replies":[{"embeddable":true,"href":"https:\/\/mellelilyjolie.com\/index.php\/wp-json\/wp\/v2\/comments?post=1537"}],"wp:featuredmedia":[{"embeddable":true,"href":"https:\/\/mellelilyjolie.com\/index.php\/wp-json\/wp\/v2\/media\/1548"}],"wp:attachment":[{"href":"https:\/\/mellelilyjolie.com\/index.php\/wp-json\/wp\/v2\/media?parent=1537"}],"wp:term":[{"taxonomy":"product_brand","embeddable":true,"href":"https:\/\/mellelilyjolie.com\/index.php\/wp-json\/wp\/v2\/product_brand?post=1537"},{"taxonomy":"product_cat","embeddable":true,"href":"https:\/\/mellelilyjolie.com\/index.php\/wp-json\/wp\/v2\/product_cat?post=1537"},{"taxonomy":"product_tag","embeddable":true,"href":"https:\/\/mellelilyjolie.com\/index.php\/wp-json\/wp\/v2\/product_tag?post=1537"}],"curies":[{"name":"wp","href":"https:\/\/api.w.org\/{rel}","templated":true}]}}