{"id":1528,"date":"2025-10-22T23:21:50","date_gmt":"2025-10-22T21:21:50","guid":{"rendered":"https:\/\/mellelilyjolie.com\/?post_type=product&#038;p=1528"},"modified":"2025-10-31T02:30:15","modified_gmt":"2025-10-31T01:30:15","slug":"flocage-paquet-de-chips-personnalise-decoration-et-souvenirs-uniques-gourmands","status":"publish","type":"product","link":"https:\/\/mellelilyjolie.com\/index.php\/produit\/flocage-paquet-de-chips-personnalise-decoration-et-souvenirs-uniques-gourmands\/","title":{"rendered":"Flocage paquet de CHIPS Personnalis\u00e9 &#8211; D\u00e9coration et Souvenirs Uniques Gourmands"},"content":{"rendered":"","protected":false},"excerpt":{"rendered":"<p data-start=\"143\" data-end=\"316\">Rendez vos f\u00eates encore plus styl\u00e9es avec des paquets de personnalis\u00e9s ! parfaits pour un anniversaire, un mariage ou un evjf ou un moment en famille entre amis qui sera\u00a0 100 % fun.<\/p>\n<p data-start=\"318\" data-end=\"520\">ajoutez vos pr\u00e9noms, dates ou petits mots, et cr\u00e9ez un souvenir unique.<\/p>\n","protected":false},"featured_media":1418,"comment_status":"open","ping_status":"closed","template":"","meta":{"_surecart_dashboard_logo_width":"180px","_surecart_dashboard_show_logo":true,"_surecart_dashboard_navigation_orders":true,"_surecart_dashboard_navigation_invoices":true,"_surecart_dashboard_navigation_subscriptions":true,"_surecart_dashboard_navigation_downloads":true,"_surecart_dashboard_navigation_billing":true,"_surecart_dashboard_navigation_account":true,"_uag_custom_page_level_css":""},"product_brand":[],"product_cat":[73],"product_tag":[],"class_list":{"0":"post-1528","1":"product","2":"type-product","3":"status-publish","4":"has-post-thumbnail","6":"product_cat-gravure","7":"product_shipping_class-undeuxkilo","9":"first","10":"instock","11":"shipping-taxable","12":"product-type-variable"},"uagb_featured_image_src":{"full":["https:\/\/mellelilyjolie.com\/wp-content\/uploads\/2025\/10\/cropped-ChatGPT-Image-22-oct.-2025-03_25_09.png",1535,869,false],"thumbnail":["https:\/\/mellelilyjolie.com\/wp-content\/uploads\/2025\/10\/cropped-ChatGPT-Image-22-oct.-2025-03_25_09-150x150.png",150,150,true],"medium":["https:\/\/mellelilyjolie.com\/wp-content\/uploads\/2025\/10\/cropped-ChatGPT-Image-22-oct.-2025-03_25_09-300x170.png",300,170,true],"medium_large":["https:\/\/mellelilyjolie.com\/wp-content\/uploads\/2025\/10\/cropped-ChatGPT-Image-22-oct.-2025-03_25_09-768x435.png",768,435,true],"large":["https:\/\/mellelilyjolie.com\/wp-content\/uploads\/2025\/10\/cropped-ChatGPT-Image-22-oct.-2025-03_25_09-1024x580.png",960,544,true],"post-slider-thumb-size":["https:\/\/mellelilyjolie.com\/wp-content\/uploads\/2025\/10\/cropped-ChatGPT-Image-22-oct.-2025-03_25_09-330x190.png",330,190,true],"post-category-slider-size":["https:\/\/mellelilyjolie.com\/wp-content\/uploads\/2025\/10\/cropped-ChatGPT-Image-22-oct.-2025-03_25_09-330x350.png",330,350,true],"1536x1536":["https:\/\/mellelilyjolie.com\/wp-content\/uploads\/2025\/10\/cropped-ChatGPT-Image-22-oct.-2025-03_25_09.png",1535,869,false],"2048x2048":["https:\/\/mellelilyjolie.com\/wp-content\/uploads\/2025\/10\/cropped-ChatGPT-Image-22-oct.-2025-03_25_09.png",1535,869,false],"ashe-slider-full-thumbnail":["https:\/\/mellelilyjolie.com\/wp-content\/uploads\/2025\/10\/cropped-ChatGPT-Image-22-oct.-2025-03_25_09-1080x540.png",1080,540,true],"ashe-full-thumbnail":["https:\/\/mellelilyjolie.com\/wp-content\/uploads\/2025\/10\/cropped-ChatGPT-Image-22-oct.-2025-03_25_09-1140x645.png",1140,645,true],"ashe-list-thumbnail":["https:\/\/mellelilyjolie.com\/wp-content\/uploads\/2025\/10\/cropped-ChatGPT-Image-22-oct.-2025-03_25_09-300x300.png",300,300,true],"ashe-grid-thumbnail":["https:\/\/mellelilyjolie.com\/wp-content\/uploads\/2025\/10\/cropped-ChatGPT-Image-22-oct.-2025-03_25_09-500x330.png",500,330,true],"ashe-single-navigation":["https:\/\/mellelilyjolie.com\/wp-content\/uploads\/2025\/10\/cropped-ChatGPT-Image-22-oct.-2025-03_25_09-75x75.png",75,75,true],"woocommerce_thumbnail":["https:\/\/mellelilyjolie.com\/wp-content\/uploads\/2025\/10\/cropped-ChatGPT-Image-22-oct.-2025-03_25_09-300x300.png",300,300,true],"woocommerce_single":["https:\/\/mellelilyjolie.com\/wp-content\/uploads\/2025\/10\/cropped-ChatGPT-Image-22-oct.-2025-03_25_09-600x340.png",600,340,true],"woocommerce_gallery_thumbnail":["https:\/\/mellelilyjolie.com\/wp-content\/uploads\/2025\/10\/cropped-ChatGPT-Image-22-oct.-2025-03_25_09-100x100.png",100,100,true]},"uagb_author_info":{"display_name":"admin7170","author_link":"https:\/\/mellelilyjolie.com\/index.php\/author\/"},"uagb_comment_info":0,"uagb_excerpt":"Rendez vos f\u00eates encore plus styl\u00e9es avec des paquets de personnalis\u00e9s ! parfaits pour un anniversaire, un mariage ou un evjf ou un moment en famille entre amis qui sera\u00a0 100 % fun. ajoutez vos pr\u00e9noms, dates ou petits mots, et cr\u00e9ez un souvenir unique.","jetpack_sharing_enabled":true,"_links":{"self":[{"href":"https:\/\/mellelilyjolie.com\/index.php\/wp-json\/wp\/v2\/product\/1528","targetHints":{"allow":["GET"]}}],"collection":[{"href":"https:\/\/mellelilyjolie.com\/index.php\/wp-json\/wp\/v2\/product"}],"about":[{"href":"https:\/\/mellelilyjolie.com\/index.php\/wp-json\/wp\/v2\/types\/product"}],"replies":[{"embeddable":true,"href":"https:\/\/mellelilyjolie.com\/index.php\/wp-json\/wp\/v2\/comments?post=1528"}],"wp:featuredmedia":[{"embeddable":true,"href":"https:\/\/mellelilyjolie.com\/index.php\/wp-json\/wp\/v2\/media\/1418"}],"wp:attachment":[{"href":"https:\/\/mellelilyjolie.com\/index.php\/wp-json\/wp\/v2\/media?parent=1528"}],"wp:term":[{"taxonomy":"product_brand","embeddable":true,"href":"https:\/\/mellelilyjolie.com\/index.php\/wp-json\/wp\/v2\/product_brand?post=1528"},{"taxonomy":"product_cat","embeddable":true,"href":"https:\/\/mellelilyjolie.com\/index.php\/wp-json\/wp\/v2\/product_cat?post=1528"},{"taxonomy":"product_tag","embeddable":true,"href":"https:\/\/mellelilyjolie.com\/index.php\/wp-json\/wp\/v2\/product_tag?post=1528"}],"curies":[{"name":"wp","href":"https:\/\/api.w.org\/{rel}","templated":true}]}}