{"id":1520,"date":"2025-10-22T23:04:24","date_gmt":"2025-10-22T21:04:24","guid":{"rendered":"https:\/\/mellelilyjolie.com\/?post_type=product&#038;p=1520"},"modified":"2025-11-14T23:58:35","modified_gmt":"2025-11-14T22:58:35","slug":"tee-shirt-femme-57","status":"publish","type":"product","link":"https:\/\/mellelilyjolie.com\/index.php\/produit\/tee-shirt-femme-57\/","title":{"rendered":"Flocage sur GOBLET Personnalis\u00e9e &#8211; D\u00e9coration et Souvenirs Uniques"},"content":{"rendered":"<p data-start=\"161\" data-end=\"602\"><strong data-start=\"161\" data-end=\"182\">type de produit :<\/strong> gobelet r\u00e9utilisable personnalis\u00e9<br data-start=\"216\" data-end=\"219\" \/><strong data-start=\"219\" data-end=\"235\">contenance :<\/strong> 25 cl (33 cl \u00e0 ras-bord)<br data-start=\"260\" data-end=\"263\" \/><strong data-start=\"263\" data-end=\"276\">mati\u00e8re :<\/strong> polypropyl\u00e8ne (pp) alimentaire rigide<br data-start=\"314\" data-end=\"317\" \/><strong data-start=\"317\" data-end=\"330\" data-is-only-node=\"\">couleur :<\/strong> givr\u00e9e (effet translucide)<br data-start=\"357\" data-end=\"360\" \/><strong data-start=\"360\" data-end=\"382\">personnalisation :<\/strong> pr\u00e9noms, dates, messages, motifs, logos, etc.<br data-start=\"428\" data-end=\"431\" \/><strong data-start=\"431\" data-end=\"448\">utilisation :<\/strong> id\u00e9ale pour anniversaires, mariages, evjf, bapt\u00eames, soir\u00e9es et \u00e9v\u00e9nements festifs<br data-start=\"531\" data-end=\"534\" \/><strong data-start=\"534\" data-end=\"549\">entretien :<\/strong> compatible lave-vaisselle<br data-start=\"575\" data-end=\"578\" \/><strong data-start=\"578\" data-end=\"600\">caract\u00e9ristiques :<\/strong><\/p>\n<ul data-start=\"603\" data-end=\"786\">\n<li data-start=\"603\" data-end=\"628\">\n<p data-start=\"605\" data-end=\"628\">durable et \u00e9cologique<\/p>\n<\/li>\n<li data-start=\"629\" data-end=\"651\">\n<p data-start=\"631\" data-end=\"651\">r\u00e9sistant et l\u00e9ger<\/p>\n<\/li>\n<li data-start=\"652\" data-end=\"678\">\n<p data-start=\"654\" data-end=\"678\">r\u00e9utilisable \u00e0 volont\u00e9<\/p>\n<\/li>\n<li data-start=\"679\" data-end=\"786\">\n<p data-start=\"681\" data-end=\"786\">design sobre et \u00e9l\u00e9gant<\/p>\n<\/li>\n<\/ul>\n<p>&nbsp;<\/p>\n","protected":false},"excerpt":{"rendered":"<p>Personnalisez votre <strong data-start=\"20\" data-end=\"31\">gobelet<\/strong> pour tous vos \u00e9v\u00e9nements ! Mariage, anniversaire, bapt\u00eame ou soir\u00e9e, cr\u00e9ez un design unique avec <strong data-start=\"129\" data-end=\"159\">votre texte, logo ou image<\/strong>. Un souvenir original, r\u00e9utilisable et \u00e0 votre image, pour marquer chaque moment avec style.<\/p>\n<p>&nbsp;<\/p>\n<p>Exp\u00e9di\u00e9 dans un d\u00e9lai de 7 \u00e0 10 jours ouvrables<\/p>\n","protected":false},"featured_media":2358,"comment_status":"open","ping_status":"closed","template":"","meta":{"_surecart_dashboard_logo_width":"180px","_surecart_dashboard_show_logo":true,"_surecart_dashboard_navigation_orders":true,"_surecart_dashboard_navigation_invoices":true,"_surecart_dashboard_navigation_subscriptions":true,"_surecart_dashboard_navigation_downloads":true,"_surecart_dashboard_navigation_billing":true,"_surecart_dashboard_navigation_account":true,"_uag_custom_page_level_css":""},"product_brand":[],"product_cat":[73],"product_tag":[],"class_list":{"0":"post-1520","1":"product","2":"type-product","3":"status-publish","4":"has-post-thumbnail","6":"product_cat-gravure","7":"product_shipping_class-undeuxkilo","9":"first","10":"instock","11":"shipping-taxable","12":"purchasable","13":"product-type-simple"},"uagb_featured_image_src":{"full":["https:\/\/mellelilyjolie.com\/wp-content\/uploads\/2025\/10\/Tasse-anniversaire-Herve-50.png",1024,1536,false],"thumbnail":["https:\/\/mellelilyjolie.com\/wp-content\/uploads\/2025\/10\/Tasse-anniversaire-Herve-50-150x150.png",150,150,true],"medium":["https:\/\/mellelilyjolie.com\/wp-content\/uploads\/2025\/10\/Tasse-anniversaire-Herve-50-200x300.png",200,300,true],"medium_large":["https:\/\/mellelilyjolie.com\/wp-content\/uploads\/2025\/10\/Tasse-anniversaire-Herve-50-768x1152.png",768,1152,true],"large":["https:\/\/mellelilyjolie.com\/wp-content\/uploads\/2025\/10\/Tasse-anniversaire-Herve-50-683x1024.png",683,1024,true],"post-slider-thumb-size":["https:\/\/mellelilyjolie.com\/wp-content\/uploads\/2025\/10\/Tasse-anniversaire-Herve-50-330x190.png",330,190,true],"post-category-slider-size":["https:\/\/mellelilyjolie.com\/wp-content\/uploads\/2025\/10\/Tasse-anniversaire-Herve-50-330x350.png",330,350,true],"1536x1536":["https:\/\/mellelilyjolie.com\/wp-content\/uploads\/2025\/10\/Tasse-anniversaire-Herve-50.png",1024,1536,false],"2048x2048":["https:\/\/mellelilyjolie.com\/wp-content\/uploads\/2025\/10\/Tasse-anniversaire-Herve-50.png",1024,1536,false],"ashe-slider-full-thumbnail":["https:\/\/mellelilyjolie.com\/wp-content\/uploads\/2025\/10\/Tasse-anniversaire-Herve-50-1024x540.png",1024,540,true],"ashe-full-thumbnail":["https:\/\/mellelilyjolie.com\/wp-content\/uploads\/2025\/10\/Tasse-anniversaire-Herve-50.png",1024,1536,false],"ashe-list-thumbnail":["https:\/\/mellelilyjolie.com\/wp-content\/uploads\/2025\/10\/Tasse-anniversaire-Herve-50-300x300.png",300,300,true],"ashe-grid-thumbnail":["https:\/\/mellelilyjolie.com\/wp-content\/uploads\/2025\/10\/Tasse-anniversaire-Herve-50-500x330.png",500,330,true],"ashe-single-navigation":["https:\/\/mellelilyjolie.com\/wp-content\/uploads\/2025\/10\/Tasse-anniversaire-Herve-50-75x75.png",75,75,true],"woocommerce_thumbnail":["https:\/\/mellelilyjolie.com\/wp-content\/uploads\/2025\/10\/Tasse-anniversaire-Herve-50-300x300.png",300,300,true],"woocommerce_single":["https:\/\/mellelilyjolie.com\/wp-content\/uploads\/2025\/10\/Tasse-anniversaire-Herve-50-600x900.png",600,900,true],"woocommerce_gallery_thumbnail":["https:\/\/mellelilyjolie.com\/wp-content\/uploads\/2025\/10\/Tasse-anniversaire-Herve-50-100x100.png",100,100,true]},"uagb_author_info":{"display_name":"admin7170","author_link":"https:\/\/mellelilyjolie.com\/index.php\/author\/"},"uagb_comment_info":0,"uagb_excerpt":"Personnalisez votre gobelet pour tous vos \u00e9v\u00e9nements ! Mariage, anniversaire, bapt\u00eame ou soir\u00e9e, cr\u00e9ez un design unique avec votre texte, logo ou image. Un souvenir original, r\u00e9utilisable et \u00e0 votre image, pour marquer chaque moment avec style. &nbsp; Exp\u00e9di\u00e9 dans un d\u00e9lai de 7 \u00e0 10 jours ouvrables","jetpack_sharing_enabled":true,"_links":{"self":[{"href":"https:\/\/mellelilyjolie.com\/index.php\/wp-json\/wp\/v2\/product\/1520","targetHints":{"allow":["GET"]}}],"collection":[{"href":"https:\/\/mellelilyjolie.com\/index.php\/wp-json\/wp\/v2\/product"}],"about":[{"href":"https:\/\/mellelilyjolie.com\/index.php\/wp-json\/wp\/v2\/types\/product"}],"replies":[{"embeddable":true,"href":"https:\/\/mellelilyjolie.com\/index.php\/wp-json\/wp\/v2\/comments?post=1520"}],"wp:featuredmedia":[{"embeddable":true,"href":"https:\/\/mellelilyjolie.com\/index.php\/wp-json\/wp\/v2\/media\/2358"}],"wp:attachment":[{"href":"https:\/\/mellelilyjolie.com\/index.php\/wp-json\/wp\/v2\/media?parent=1520"}],"wp:term":[{"taxonomy":"product_brand","embeddable":true,"href":"https:\/\/mellelilyjolie.com\/index.php\/wp-json\/wp\/v2\/product_brand?post=1520"},{"taxonomy":"product_cat","embeddable":true,"href":"https:\/\/mellelilyjolie.com\/index.php\/wp-json\/wp\/v2\/product_cat?post=1520"},{"taxonomy":"product_tag","embeddable":true,"href":"https:\/\/mellelilyjolie.com\/index.php\/wp-json\/wp\/v2\/product_tag?post=1520"}],"curies":[{"name":"wp","href":"https:\/\/api.w.org\/{rel}","templated":true}]}}