{"id":528,"date":"2025-06-12T18:26:06","date_gmt":"2025-06-12T16:26:06","guid":{"rendered":"https:\/\/mellelilyjolie.com\/?page_id=528"},"modified":"2025-11-14T21:49:36","modified_gmt":"2025-11-14T20:49:36","slug":"bienvenue-chez-melle-lily-jolie","status":"publish","type":"page","link":"https:\/\/mellelilyjolie.com\/","title":{"rendered":"Bienvenue chez Melle Lily Jolie"},"content":{"rendered":"\n<div class=\"wp-block-uagb-info-box uagb-block-5ptqsnvk uagb-infobox__content-wrap  uagb-infobox-icon-above-title uagb-infobox-image-valign-top wp-block-uagb-info-box--has-margin\"><div class=\"uagb-infobox-margin-wrapper\"><div class=\"uagb-ifb-content\"><div class=\"uagb-ifb-title-wrap\"><p class=\"uagb-ifb-title-prefix\">Explorez nos collections et laissez-vous inspirer !<\/p><h2 class=\"uagb-ifb-title\">Plongez dans mon univers vibrant et color\u00e9, o\u00f9 chaque accessoire est con\u00e7u avec passion et soin<br><\/h2><\/div><\/div><\/div><\/div>\n\n\n\n<p>D\u00e9couvrez ma collection unique d&rsquo;articles faits main en tissu wax et de personnalisations qui apporteront une touche d&rsquo;\u00e9l\u00e9gance et de gaiet\u00e9 \u00e0 votre quotidien. Que vous cherchiez \u00e0 embellir votre int\u00e9rieur, \u00e0 offrir un cadeau unique ou simplement \u00e0 vous faire plaisir, vous trouverez ici des cr\u00e9ations qui r\u00e9pondent \u00e0 toutes vos envies. Nous collaborons \u00e9galement avec des artisans locaux en Afrique (S\u00e9n\u00e9gal, Guin\u00e9e Bissau&#8230;), mettant en avant un savoir-faire authentique et une fabrication artisanale.<\/p>\n\n\n\n<div class=\"wp-block-uagb-container uagb-block-ihofcyz2 alignfull uagb-is-root-container\"><div class=\"uagb-container-inner-blocks-wrap\">\n<div class=\"wp-block-uagb-container uagb-block-klyrzly8\">\n<div class=\"wp-block-uagb-container uagb-block-vs0hshqk\">      \n\t\t\t<div class=\"uagb-icon-wrapper uagb-block-f4df923d      \"\n\t\t\tstyle=\"\" >\n\t\t\t\t\t\t\t\t\t<span class=\"uagb-svg-wrapper\" \n\t\t\t\t\t aria-label=\"envira\"\t\t\t\t\ttabindex=\"0\">\t\t\n\t\t\t\t\t\t\t\t\t\t<svg xmlns=\"https:\/\/www.w3.org\/2000\/svg\" viewBox= \"0 0 448 512\" role=\"graphics-symbol\" aria-hidden=\"false\" aria-label=\"\"><path d=\"M0 32c477.6 0 366.6 317.3 367.1 366.3L448 480h-26l-70.4-71.2c-39 4.2-124.4 34.5-214.4-37C47 300.3 52 214.7 0 32zm79.7 46c-49.7-23.5-5.2 9.2-5.2 9.2 45.2 31.2 66 73.7 90.2 119.9 31.5 60.2 79 139.7 144.2 167.7 65 28 34.2 12.5 6-8.5-28.2-21.2-68.2-87-91-130.2-31.7-60-61-118.6-144.2-158.1z\"><\/path><\/svg>\n\t\t\t\t\t\t\t\t\t<\/span>\n\t\t\t\t\t\t\t<\/div>\n\t\t\t\n\n\n<div class=\"wp-block-uagb-advanced-heading uagb-block-9b01e66a\"><h4 class=\"uagb-heading-text\">Artisanat <\/h4><\/div>\n\n\n\n<div style=\"height:15px\" aria-hidden=\"true\" class=\"wp-block-spacer\"><\/div>\n\n\n\n<p style=\"font-size:16px\">Chaque cr\u00e9ation refl\u00e8te un<strong> savoir-faire artisanal authentique<\/strong>, pens\u00e9 et fa\u00e7onn\u00e9 avec passion par moi, Melle Lily, la cr\u00e9atrice. Les articles, soigneusement s\u00e9lectionn\u00e9s aupr\u00e8s de <strong>fournisseurs de qualit\u00e9<\/strong>, sont ensuite <strong>revisit\u00e9s et sublim\u00e9s \u00e0 la main<\/strong>, garantissant une touche unique et une finition d\u2019exception.<\/p>\n<\/div>\n\n\n\n<div class=\"wp-block-uagb-container uagb-layout-flex uagb-block-hjn7dmwq\">      \n\t\t\t<div class=\"uagb-icon-wrapper uagb-block-333f8503      \"\n\t\t\tstyle=\"\" >\n\t\t\t\t\t\t\t\t\t<span class=\"uagb-svg-wrapper\" \n\t\t\t\t\t aria-label=\"envira\"\t\t\t\t\ttabindex=\"0\">\t\t\n\t\t\t\t\t\t\t\t\t\t<svg xmlns=\"https:\/\/www.w3.org\/2000\/svg\" viewBox= \"0 0 448 512\" role=\"graphics-symbol\" aria-hidden=\"false\" aria-label=\"\"><path d=\"M0 32c477.6 0 366.6 317.3 367.1 366.3L448 480h-26l-70.4-71.2c-39 4.2-124.4 34.5-214.4-37C47 300.3 52 214.7 0 32zm79.7 46c-49.7-23.5-5.2 9.2-5.2 9.2 45.2 31.2 66 73.7 90.2 119.9 31.5 60.2 79 139.7 144.2 167.7 65 28 34.2 12.5 6-8.5-28.2-21.2-68.2-87-91-130.2-31.7-60-61-118.6-144.2-158.1z\"><\/path><\/svg>\n\t\t\t\t\t\t\t\t\t<\/span>\n\t\t\t\t\t\t\t<\/div>\n\t\t\t\n\n\n<div class=\"wp-block-uagb-advanced-heading uagb-block-741d4712\"><h4 class=\"uagb-heading-text\">Personnalisation<\/h4><\/div>\n\n\n\n<div style=\"height:15px\" aria-hidden=\"true\" class=\"wp-block-spacer\"><\/div>\n\n\n\n<p style=\"font-size:16px\">Nous cr\u00e9ons des articles sur mesure qui refl\u00e8tent votre personnalit\u00e9 gr\u00e2ce \u00e0 la technologie <strong>DTF<\/strong>, une m\u00e9thode d\u2019impression innovante. Elle offre des <strong>personnalisations \u00e9clatantes, durables et de haute qualit\u00e9<\/strong> pour un rendu unique et professionnel.<\/p>\n<\/div>\n\n\n\n<div class=\"wp-block-uagb-container uagb-block-vsypcos7\">      \n\t\t\t<div class=\"uagb-icon-wrapper uagb-block-8d017087      \"\n\t\t\tstyle=\"\" >\n\t\t\t\t\t\t\t\t\t<span class=\"uagb-svg-wrapper\" \n\t\t\t\t\t aria-label=\"envira\"\t\t\t\t\ttabindex=\"0\">\t\t\n\t\t\t\t\t\t\t\t\t\t<svg xmlns=\"https:\/\/www.w3.org\/2000\/svg\" viewBox= \"0 0 448 512\" role=\"graphics-symbol\" aria-hidden=\"false\" aria-label=\"\"><path d=\"M0 32c477.6 0 366.6 317.3 367.1 366.3L448 480h-26l-70.4-71.2c-39 4.2-124.4 34.5-214.4-37C47 300.3 52 214.7 0 32zm79.7 46c-49.7-23.5-5.2 9.2-5.2 9.2 45.2 31.2 66 73.7 90.2 119.9 31.5 60.2 79 139.7 144.2 167.7 65 28 34.2 12.5 6-8.5-28.2-21.2-68.2-87-91-130.2-31.7-60-61-118.6-144.2-158.1z\"><\/path><\/svg>\n\t\t\t\t\t\t\t\t\t<\/span>\n\t\t\t\t\t\t\t<\/div>\n\t\t\t\n\n\n<div class=\"wp-block-uagb-advanced-heading uagb-block-e99a6280\"><h4 class=\"uagb-heading-text\">Vari\u00e9t\u00e9 <\/h4><\/div>\n\n\n\n<div style=\"height:15px\" aria-hidden=\"true\" class=\"wp-block-spacer\"><\/div>\n\n\n\n<p class=\"has-text-align-left\" style=\"font-size:16px\">Des accessoires de couture aux objets du quotidien, nos cr\u00e9ations sont aussi diversifi\u00e9es que vos inspirations. Nous proposons un <strong>univers complet de personnalisation<\/strong> : <strong>couture artisanale<\/strong>, <strong>cr\u00e9ations textiles en DTF<\/strong>, et <strong>personnalisations gourmandes<\/strong> pour vos \u00e9v\u00e9nements, alliant savoir-faire, cr\u00e9ativit\u00e9 et authenticit\u00e9.<\/p>\n<\/div>\n\n\n\n<div class=\"wp-block-uagb-container uagb-block-xyfyryqn\">      \n\t\t\t<div class=\"uagb-icon-wrapper uagb-block-6eaabfb5      \"\n\t\t\tstyle=\"\" >\n\t\t\t\t\t\t\t\t\t<span class=\"uagb-svg-wrapper\" \n\t\t\t\t\t aria-label=\"envira\"\t\t\t\t\ttabindex=\"0\">\t\t\n\t\t\t\t\t\t\t\t\t\t<svg xmlns=\"https:\/\/www.w3.org\/2000\/svg\" viewBox= \"0 0 448 512\" role=\"graphics-symbol\" aria-hidden=\"false\" aria-label=\"\"><path d=\"M0 32c477.6 0 366.6 317.3 367.1 366.3L448 480h-26l-70.4-71.2c-39 4.2-124.4 34.5-214.4-37C47 300.3 52 214.7 0 32zm79.7 46c-49.7-23.5-5.2 9.2-5.2 9.2 45.2 31.2 66 73.7 90.2 119.9 31.5 60.2 79 139.7 144.2 167.7 65 28 34.2 12.5 6-8.5-28.2-21.2-68.2-87-91-130.2-31.7-60-61-118.6-144.2-158.1z\"><\/path><\/svg>\n\t\t\t\t\t\t\t\t\t<\/span>\n\t\t\t\t\t\t\t<\/div>\n\t\t\t\n\n\n<div class=\"wp-block-uagb-advanced-heading uagb-block-5f8b08d2\"><h4 class=\"uagb-heading-text\">Engagement<\/h4><\/div>\n\n\n\n<div style=\"height:15px\" aria-hidden=\"true\" class=\"wp-block-spacer\"><\/div>\n\n\n\n<p style=\"font-size:16px\">Nous mettons en avant le fait main et l&rsquo;utilisation de tissus en coton, wax, pour des produits \u00e0 la fois esth\u00e9tiques et durables.<\/p>\n<\/div>\n<\/div>\n\n\n\n<div style=\"height:23px\" aria-hidden=\"true\" class=\"wp-block-spacer\"><\/div>\n\n\n\n<p class=\"has-text-align-center has-text-color has-link-color has-large-font-size wp-elements-031481c2618c4619b00f1edc6ce7c467\" style=\"color:#6a3517\"><strong>Livraison offerte d\u00e8s 60 euros d&rsquo;achat<\/strong><\/p>\n\n\n\n<p style=\"font-size:16px\"><\/p>\n\n\n\n<p><\/p>\n<\/div><\/div>\n\n\n\n<div class=\"wp-block-uagb-separator uagb-block-e639613b\"><div class=\"wp-block-uagb-separator__inner\" style=\"--my-background-image:\"><\/div><\/div>\n\n\n\n<p><\/p>\n","protected":false},"excerpt":{"rendered":"<p>D\u00e9couvrez ma collection unique d&rsquo;articles faits main en tissu wax et de personnalisations qui apporteront une touche d&rsquo;\u00e9l\u00e9gance et de gaiet\u00e9 \u00e0 votre quotidien. Que vous cherchiez \u00e0 embellir votre int\u00e9rieur, \u00e0 offrir un cadeau unique ou simplement \u00e0 vous faire plaisir, vous trouverez ici des cr\u00e9ations qui r\u00e9pondent \u00e0 toutes vos envies. Nous collaborons \u00e9galement avec des artisans locaux en Afrique (S\u00e9n\u00e9gal, Guin\u00e9e Bissau&#8230;), mettant en avant un savoir-faire authentique et une fabrication artisanale. Artisanat Chaque cr\u00e9ation refl\u00e8te un savoir-faire artisanal authentique, pens\u00e9 et fa\u00e7onn\u00e9 avec passion par moi, Melle Lily, la cr\u00e9atrice. Les articles, soigneusement s\u00e9lectionn\u00e9s aupr\u00e8s de fournisseurs de qualit\u00e9, sont ensuite revisit\u00e9s et sublim\u00e9s \u00e0 la main, garantissant une touche unique et une finition d\u2019exception. Personnalisation Nous cr\u00e9ons des articles sur mesure qui refl\u00e8tent votre personnalit\u00e9 gr\u00e2ce \u00e0 la technologie DTF, une m\u00e9thode d\u2019impression innovante. Elle offre des personnalisations \u00e9clatantes, durables et de haute qualit\u00e9 pour un rendu unique et professionnel. Vari\u00e9t\u00e9 Des accessoires de couture aux objets du quotidien, nos cr\u00e9ations sont aussi diversifi\u00e9es que vos inspirations. Nous proposons un univers complet de personnalisation : couture artisanale, cr\u00e9ations textiles en DTF, et personnalisations gourmandes pour vos \u00e9v\u00e9nements, alliant savoir-faire, cr\u00e9ativit\u00e9 et authenticit\u00e9. Engagement Nous mettons en avant le fait main et l&rsquo;utilisation de tissus en coton, wax, pour des produits \u00e0 la fois esth\u00e9tiques et durables. Livraison offerte d\u00e8s 60 euros d&rsquo;achat<\/p>\n","protected":false},"author":1,"featured_media":1668,"parent":0,"menu_order":1,"comment_status":"closed","ping_status":"closed","template":"","meta":{"_surecart_dashboard_logo_width":"180px","_surecart_dashboard_show_logo":true,"_surecart_dashboard_navigation_orders":true,"_surecart_dashboard_navigation_invoices":true,"_surecart_dashboard_navigation_subscriptions":true,"_surecart_dashboard_navigation_downloads":true,"_surecart_dashboard_navigation_billing":true,"_surecart_dashboard_navigation_account":true,"_uag_custom_page_level_css":"","footnotes":""},"class_list":["post-528","page","type-page","status-publish","has-post-thumbnail","hentry"],"uagb_featured_image_src":{"full":["https:\/\/mellelilyjolie.com\/wp-content\/uploads\/2025\/10\/ChatGPT-Image-30-oct.-2025-15_53_43.png",1536,1024,false],"thumbnail":["https:\/\/mellelilyjolie.com\/wp-content\/uploads\/2025\/10\/ChatGPT-Image-30-oct.-2025-15_53_43-150x150.png",150,150,true],"medium":["https:\/\/mellelilyjolie.com\/wp-content\/uploads\/2025\/10\/ChatGPT-Image-30-oct.-2025-15_53_43-300x200.png",300,200,true],"medium_large":["https:\/\/mellelilyjolie.com\/wp-content\/uploads\/2025\/10\/ChatGPT-Image-30-oct.-2025-15_53_43-768x512.png",768,512,true],"large":["https:\/\/mellelilyjolie.com\/wp-content\/uploads\/2025\/10\/ChatGPT-Image-30-oct.-2025-15_53_43-1024x683.png",960,640,true],"post-slider-thumb-size":["https:\/\/mellelilyjolie.com\/wp-content\/uploads\/2025\/10\/ChatGPT-Image-30-oct.-2025-15_53_43-330x190.png",330,190,true],"post-category-slider-size":["https:\/\/mellelilyjolie.com\/wp-content\/uploads\/2025\/10\/ChatGPT-Image-30-oct.-2025-15_53_43-330x350.png",330,350,true],"1536x1536":["https:\/\/mellelilyjolie.com\/wp-content\/uploads\/2025\/10\/ChatGPT-Image-30-oct.-2025-15_53_43.png",1536,1024,false],"2048x2048":["https:\/\/mellelilyjolie.com\/wp-content\/uploads\/2025\/10\/ChatGPT-Image-30-oct.-2025-15_53_43.png",1536,1024,false],"ashe-slider-full-thumbnail":["https:\/\/mellelilyjolie.com\/wp-content\/uploads\/2025\/10\/ChatGPT-Image-30-oct.-2025-15_53_43-1080x540.png",1080,540,true],"ashe-full-thumbnail":["https:\/\/mellelilyjolie.com\/wp-content\/uploads\/2025\/10\/ChatGPT-Image-30-oct.-2025-15_53_43-1140x760.png",1140,760,true],"ashe-list-thumbnail":["https:\/\/mellelilyjolie.com\/wp-content\/uploads\/2025\/10\/ChatGPT-Image-30-oct.-2025-15_53_43-300x300.png",300,300,true],"ashe-grid-thumbnail":["https:\/\/mellelilyjolie.com\/wp-content\/uploads\/2025\/10\/ChatGPT-Image-30-oct.-2025-15_53_43.png",495,330,false],"ashe-single-navigation":["https:\/\/mellelilyjolie.com\/wp-content\/uploads\/2025\/10\/ChatGPT-Image-30-oct.-2025-15_53_43.png",75,50,false],"woocommerce_thumbnail":["https:\/\/mellelilyjolie.com\/wp-content\/uploads\/2025\/10\/ChatGPT-Image-30-oct.-2025-15_53_43-300x300.png",300,300,true],"woocommerce_single":["https:\/\/mellelilyjolie.com\/wp-content\/uploads\/2025\/10\/ChatGPT-Image-30-oct.-2025-15_53_43.png",600,400,false],"woocommerce_gallery_thumbnail":["https:\/\/mellelilyjolie.com\/wp-content\/uploads\/2025\/10\/ChatGPT-Image-30-oct.-2025-15_53_43-100x100.png",100,100,true]},"uagb_author_info":{"display_name":"admin7170","author_link":"https:\/\/mellelilyjolie.com\/index.php\/author\/admin7170\/"},"uagb_comment_info":0,"uagb_excerpt":"D\u00e9couvrez ma collection unique d&rsquo;articles faits main en tissu wax et de personnalisations qui apporteront une touche d&rsquo;\u00e9l\u00e9gance et de gaiet\u00e9 \u00e0 votre quotidien. Que vous cherchiez \u00e0 embellir votre int\u00e9rieur, \u00e0 offrir un cadeau unique ou simplement \u00e0 vous faire plaisir, vous trouverez ici des cr\u00e9ations qui r\u00e9pondent \u00e0 toutes vos envies. Nous collaborons\u2026","jetpack_sharing_enabled":true,"_links":{"self":[{"href":"https:\/\/mellelilyjolie.com\/index.php\/wp-json\/wp\/v2\/pages\/528","targetHints":{"allow":["GET"]}}],"collection":[{"href":"https:\/\/mellelilyjolie.com\/index.php\/wp-json\/wp\/v2\/pages"}],"about":[{"href":"https:\/\/mellelilyjolie.com\/index.php\/wp-json\/wp\/v2\/types\/page"}],"author":[{"embeddable":true,"href":"https:\/\/mellelilyjolie.com\/index.php\/wp-json\/wp\/v2\/users\/1"}],"replies":[{"embeddable":true,"href":"https:\/\/mellelilyjolie.com\/index.php\/wp-json\/wp\/v2\/comments?post=528"}],"version-history":[{"count":35,"href":"https:\/\/mellelilyjolie.com\/index.php\/wp-json\/wp\/v2\/pages\/528\/revisions"}],"predecessor-version":[{"id":2367,"href":"https:\/\/mellelilyjolie.com\/index.php\/wp-json\/wp\/v2\/pages\/528\/revisions\/2367"}],"wp:featuredmedia":[{"embeddable":true,"href":"https:\/\/mellelilyjolie.com\/index.php\/wp-json\/wp\/v2\/media\/1668"}],"wp:attachment":[{"href":"https:\/\/mellelilyjolie.com\/index.php\/wp-json\/wp\/v2\/media?parent=528"}],"curies":[{"name":"wp","href":"https:\/\/api.w.org\/{rel}","templated":true}]}}