{"id":5,"date":"2024-06-13T12:23:11","date_gmt":"2024-06-13T10:23:11","guid":{"rendered":"https:\/\/mellelilyjolie.com\/?page_id=5"},"modified":"2025-11-15T20:04:38","modified_gmt":"2025-11-15T19:04:38","slug":"contact","status":"publish","type":"page","link":"https:\/\/mellelilyjolie.com\/index.php\/contact\/","title":{"rendered":"Contact"},"content":{"rendered":"\n<h2 class=\"wp-block-heading\"><\/h2>\n\n\n<div class=\"wp-block-image\">\n<figure class=\"aligncenter size-large is-resized\"><a href=\"https:\/\/www.instagram.com\/melle_lily_jolie?igsh=ejMxbXNvOTVjZWo=\"><img fetchpriority=\"high\" decoding=\"async\" width=\"891\" height=\"1024\" src=\"https:\/\/mellelilyjolie.com\/wp-content\/uploads\/2025\/02\/melle_lily_jolie_qr-891x1024.png\" alt=\"\" class=\"wp-image-296\" style=\"width:263px;height:auto\" srcset=\"https:\/\/mellelilyjolie.com\/wp-content\/uploads\/2025\/02\/melle_lily_jolie_qr-891x1024.png 891w, https:\/\/mellelilyjolie.com\/wp-content\/uploads\/2025\/02\/melle_lily_jolie_qr-261x300.png 261w, https:\/\/mellelilyjolie.com\/wp-content\/uploads\/2025\/02\/melle_lily_jolie_qr-768x882.png 768w, https:\/\/mellelilyjolie.com\/wp-content\/uploads\/2025\/02\/melle_lily_jolie_qr-1337x1536.png 1337w, https:\/\/mellelilyjolie.com\/wp-content\/uploads\/2025\/02\/melle_lily_jolie_qr-1783x2048.png 1783w, https:\/\/mellelilyjolie.com\/wp-content\/uploads\/2025\/02\/melle_lily_jolie_qr-600x689.png 600w\" sizes=\"(max-width: 891px) 100vw, 891px\" \/><\/a><\/figure>\n<\/div>\n\n\n<h5 class=\"wp-block-heading has-text-align-center\">Suivez-nous sur Instagram pour \u00eatre les premiers \u00e0 d\u00e9couvrir nos nouveaut\u00e9s et b\u00e9n\u00e9ficier d&rsquo;offres sp\u00e9ciales !<\/h5>\n\n\n\n<p><\/p>\n\n\n\n<p><\/p>\n\n\n\n<ul class=\"wp-block-list\">\n<li>Par courriel : lescontesdelilyjolie@gmail.com<\/li>\n\n\n\n<li>Par tiktok: <a href=\"https:\/\/www.tiktok.com\/@melle_lily_jolie\">https:\/\/www.tiktok.com\/@melle_lily_jolie<\/a><\/li>\n\n\n\n<li>Par Snapchat : <a href=\"https:\/\/www.snapchat.com\/add\/lilychoco?share_id=KSMb0TwN00Q&amp;locale=fr-FR\">https:\/\/www.snapchat.com\/add\/lilychoco?share_id=KSMb0TwN00Q&amp;locale=fr-FR<\/a><\/li>\n<\/ul>\n\n\n\n<p><\/p>\n\n\n\n<p><\/p>\n","protected":false},"excerpt":{"rendered":"<p>Suivez-nous sur Instagram pour \u00eatre les premiers \u00e0 d\u00e9couvrir nos nouveaut\u00e9s et b\u00e9n\u00e9ficier d&rsquo;offres sp\u00e9ciales !<\/p>\n","protected":false},"author":1,"featured_media":0,"parent":0,"menu_order":0,"comment_status":"closed","ping_status":"closed","template":"","meta":{"_surecart_dashboard_logo_width":"180px","_surecart_dashboard_show_logo":true,"_surecart_dashboard_navigation_orders":true,"_surecart_dashboard_navigation_invoices":true,"_surecart_dashboard_navigation_subscriptions":true,"_surecart_dashboard_navigation_downloads":true,"_surecart_dashboard_navigation_billing":true,"_surecart_dashboard_navigation_account":true,"_uag_custom_page_level_css":"","footnotes":""},"class_list":["post-5","page","type-page","status-publish","hentry"],"uagb_featured_image_src":{"full":false,"thumbnail":false,"medium":false,"medium_large":false,"large":false,"post-slider-thumb-size":false,"post-category-slider-size":false,"1536x1536":false,"2048x2048":false,"ashe-slider-full-thumbnail":false,"ashe-full-thumbnail":false,"ashe-list-thumbnail":false,"ashe-grid-thumbnail":false,"ashe-single-navigation":false,"woocommerce_thumbnail":false,"woocommerce_single":false,"woocommerce_gallery_thumbnail":false},"uagb_author_info":{"display_name":"admin7170","author_link":"https:\/\/mellelilyjolie.com\/index.php\/author\/admin7170\/"},"uagb_comment_info":0,"uagb_excerpt":"Suivez-nous sur Instagram pour \u00eatre les premiers \u00e0 d\u00e9couvrir nos nouveaut\u00e9s et b\u00e9n\u00e9ficier d&rsquo;offres sp\u00e9ciales !","jetpack_sharing_enabled":true,"_links":{"self":[{"href":"https:\/\/mellelilyjolie.com\/index.php\/wp-json\/wp\/v2\/pages\/5","targetHints":{"allow":["GET"]}}],"collection":[{"href":"https:\/\/mellelilyjolie.com\/index.php\/wp-json\/wp\/v2\/pages"}],"about":[{"href":"https:\/\/mellelilyjolie.com\/index.php\/wp-json\/wp\/v2\/types\/page"}],"author":[{"embeddable":true,"href":"https:\/\/mellelilyjolie.com\/index.php\/wp-json\/wp\/v2\/users\/1"}],"replies":[{"embeddable":true,"href":"https:\/\/mellelilyjolie.com\/index.php\/wp-json\/wp\/v2\/comments?post=5"}],"version-history":[{"count":8,"href":"https:\/\/mellelilyjolie.com\/index.php\/wp-json\/wp\/v2\/pages\/5\/revisions"}],"predecessor-version":[{"id":2436,"href":"https:\/\/mellelilyjolie.com\/index.php\/wp-json\/wp\/v2\/pages\/5\/revisions\/2436"}],"wp:attachment":[{"href":"https:\/\/mellelilyjolie.com\/index.php\/wp-json\/wp\/v2\/media?parent=5"}],"curies":[{"name":"wp","href":"https:\/\/api.w.org\/{rel}","templated":true}]}}