{"id":151,"date":"2024-08-09T01:55:04","date_gmt":"2024-08-08T23:55:04","guid":{"rendered":"https:\/\/mellelilyjolie.com\/?page_id=151"},"modified":"2025-11-01T01:39:18","modified_gmt":"2025-11-01T00:39:18","slug":"a-propos","status":"publish","type":"page","link":"https:\/\/mellelilyjolie.com\/index.php\/a-propos\/","title":{"rendered":"A propos"},"content":{"rendered":"\n<p class=\"has-black-color has-text-color has-link-color wp-elements-295d59b6c35e7ec8ac4b13417944da14\">Bienvenue chez <strong>Melle Lily Jolie Cr\u00e9ations<\/strong>, o\u00f9 chaque accessoire de couture en tissu wax et chaque objet du quotidien personnalis\u00e9 est con\u00e7u avec passion et soin.<\/p>\n\n\n\n<p class=\"has-text-color has-link-color wp-elements-f2d606bdd6ab6131ba13b237ac664d6e\" style=\"color:#964d30\"><strong>Notre histoire<\/strong><\/p>\n\n\n\n<p>L&rsquo;aventure de Melle Lily Jolie Cr\u00e9ations a commenc\u00e9 en 2020, en plein c\u0153ur de la pand\u00e9mie de COVID-19. En qu\u00eate de motivation et d&rsquo;occupation, j&rsquo;ai emprunt\u00e9 la machine \u00e0 coudre de ma s\u0153ur et me suis tourn\u00e9e vers YouTube pour apprendre les techniques de couture. Ce qui a d\u00e9but\u00e9 comme un simple passe-temps s&rsquo;est rapidement transform\u00e9 en une v\u00e9ritable passion pour la magie des textiles et le plaisir de la cr\u00e9ation.<\/p>\n\n\n\n<p class=\"has-text-color has-link-color wp-elements-b36a2305250434576df08309daa8f85c\" style=\"color:#964d30\"><strong>Notre mission et nos valeurs<\/strong><\/p>\n\n\n\n<p>Notre mission est de vous offrir des produits finis magiques qui embellissent votre quotidien avec des couleurs p\u00e9tillantes et des objets uniques cr\u00e9\u00e9s selon vos envies. Nous mettons en avant le fait main et l&rsquo;utilisation de tissus en coton wax, tout en partageant notre passion pour l&rsquo;entrepreneuriat et la cr\u00e9ativit\u00e9.<\/p>\n\n\n\n<p class=\"has-text-color has-link-color wp-elements-8a31596814fe86447762bb24857920f9\" style=\"color:#964d30\"><strong>Du salon \u00e0 l&rsquo;atelier<\/strong><\/p>\n\n\n\n<p>J&rsquo;ai commenc\u00e9 dans mon salon, o\u00f9 mes premi\u00e8res confections ont \u00e9t\u00e9 rapidement appr\u00e9ci\u00e9es. Avec ma premi\u00e8re commande, mon salon s&rsquo;est transform\u00e9 en atelier et une multitude d&rsquo;accessoires ont vu le jour : tote bags, trousses, abat-jours, et bien plus encore. Chaque projet est une nouvelle opportunit\u00e9 de d\u00e9couvrir les possibilit\u00e9s infinies offertes par les textiles et de r\u00e9aliser des cr\u00e9ations uniques en combinant vos id\u00e9es avec notre expertise.<\/p>\n\n\n\n<p class=\"has-text-color has-link-color wp-elements-10100a3b065633111a96258e01b38b4c\" style=\"color:#964d30\"><strong>Nos produits<\/strong><\/p>\n\n\n\n<p>Chez Melle Lily Jolie Cr\u00e9ations, nous proposons une large gamme d&rsquo;accessoires et de produits personnalis\u00e9s, incluant :<\/p>\n\n\n\n<ul class=\"wp-block-list\">\n<li><strong>Accessoires de couture en tissu wax<\/strong> : des articles color\u00e9s et uniques confectionn\u00e9s \u00e0 la main.<\/li>\n\n\n\n<li><strong>Personnalisation de t-shirts et objets du quotidien<\/strong> : pour une touche personnelle \u00e0 votre garde-robe et maison.<\/li>\n<\/ul>\n\n\n\n<p class=\"has-text-color has-link-color wp-elements-07ddde89a892ee93fbc890387a37cc88\" style=\"color:#964d30\"><strong>Engagement envers nos clients<\/strong><\/p>\n\n\n\n<p>Nous nous engageons \u00e0 offrir une exp\u00e9rience client exceptionnelle, en mettant l&rsquo;accent sur la qualit\u00e9 et l&rsquo;attention aux d\u00e9tails. Chaque cr\u00e9ation est r\u00e9alis\u00e9e avec soin pour garantir votre satisfaction.<\/p>\n\n\n\n<p class=\"has-text-color has-link-color wp-elements-a8bd4d42f52eefe2919a1a800a3541aa\" style=\"color:#964d30\"><strong>Contactez-nous<\/strong><\/p>\n\n\n\n<p>Nous serions ravis de vous entendre ! N&rsquo;h\u00e9sitez pas \u00e0 nous contacter pour toute demande ou projet personnalis\u00e9. Rejoignez notre communaut\u00e9 et laissez-nous embellir votre quotidien avec nos cr\u00e9ations uniques.<\/p>\n\n\n\n<p><\/p>\n\n\n\n<h3 class=\"wp-block-heading has-text-align-center has-text-color has-link-color has-medium-font-size wp-elements-c474b165932b5881df5ed339faea6142\" style=\"color:#964d30\">Commandez d\u00e8s maintenant<strong> <\/strong>avec MLJ Cr\u00e9ations !<\/h3>\n\n\n\n<p class=\"has-text-align-center\"><\/p>\n\n\n\n<p><\/p>\n","protected":false},"excerpt":{"rendered":"<p>Bienvenue chez Melle Lily Jolie Cr\u00e9ations, o\u00f9 chaque accessoire de couture en tissu wax et chaque objet du quotidien personnalis\u00e9 est con\u00e7u avec passion et soin. Notre histoire L&rsquo;aventure de Melle Lily Jolie Cr\u00e9ations a commenc\u00e9 en 2020, en plein c\u0153ur de la pand\u00e9mie de COVID-19. En qu\u00eate de motivation et d&rsquo;occupation, j&rsquo;ai emprunt\u00e9 la machine \u00e0 coudre de ma s\u0153ur et me suis tourn\u00e9e vers YouTube pour apprendre les techniques de couture. Ce qui a d\u00e9but\u00e9 comme un simple passe-temps s&rsquo;est rapidement transform\u00e9 en une v\u00e9ritable passion pour la magie des textiles et le plaisir de la cr\u00e9ation. Notre mission et nos valeurs Notre mission est de vous offrir des produits finis magiques qui embellissent votre quotidien avec des couleurs p\u00e9tillantes et des objets uniques cr\u00e9\u00e9s selon vos envies. Nous mettons en avant le fait main et l&rsquo;utilisation de tissus en coton wax, tout en partageant notre passion pour l&rsquo;entrepreneuriat et la cr\u00e9ativit\u00e9. Du salon \u00e0 l&rsquo;atelier J&rsquo;ai commenc\u00e9 dans mon salon, o\u00f9 mes premi\u00e8res confections ont \u00e9t\u00e9 rapidement appr\u00e9ci\u00e9es. Avec ma premi\u00e8re commande, mon salon s&rsquo;est transform\u00e9 en atelier et une multitude d&rsquo;accessoires ont vu le jour : tote bags, trousses, abat-jours, et bien plus encore. Chaque projet est une nouvelle opportunit\u00e9 de d\u00e9couvrir les possibilit\u00e9s infinies offertes par les textiles et de r\u00e9aliser des cr\u00e9ations uniques en combinant vos id\u00e9es avec notre expertise. Nos produits Chez Melle Lily Jolie Cr\u00e9ations, nous proposons une large gamme d&rsquo;accessoires et de produits personnalis\u00e9s, incluant : Engagement envers nos clients Nous nous engageons \u00e0 offrir une exp\u00e9rience client exceptionnelle, en mettant l&rsquo;accent sur la qualit\u00e9 et l&rsquo;attention aux d\u00e9tails. Chaque cr\u00e9ation est r\u00e9alis\u00e9e avec soin pour garantir votre satisfaction. Contactez-nous Nous serions ravis de vous entendre ! N&rsquo;h\u00e9sitez pas \u00e0 nous contacter pour toute demande ou projet personnalis\u00e9. Rejoignez notre communaut\u00e9 et laissez-nous embellir votre quotidien avec nos cr\u00e9ations uniques. Commandez d\u00e8s maintenant avec MLJ Cr\u00e9ations !<\/p>\n","protected":false},"author":1,"featured_media":0,"parent":0,"menu_order":0,"comment_status":"closed","ping_status":"closed","template":"","meta":{"_surecart_dashboard_logo_width":"180px","_surecart_dashboard_show_logo":true,"_surecart_dashboard_navigation_orders":true,"_surecart_dashboard_navigation_invoices":true,"_surecart_dashboard_navigation_subscriptions":true,"_surecart_dashboard_navigation_downloads":true,"_surecart_dashboard_navigation_billing":true,"_surecart_dashboard_navigation_account":true,"_uag_custom_page_level_css":"","footnotes":""},"class_list":["post-151","page","type-page","status-publish","hentry"],"uagb_featured_image_src":{"full":false,"thumbnail":false,"medium":false,"medium_large":false,"large":false,"post-slider-thumb-size":false,"post-category-slider-size":false,"1536x1536":false,"2048x2048":false,"ashe-slider-full-thumbnail":false,"ashe-full-thumbnail":false,"ashe-list-thumbnail":false,"ashe-grid-thumbnail":false,"ashe-single-navigation":false,"woocommerce_thumbnail":false,"woocommerce_single":false,"woocommerce_gallery_thumbnail":false},"uagb_author_info":{"display_name":"admin7170","author_link":"https:\/\/mellelilyjolie.com\/index.php\/author\/admin7170\/"},"uagb_comment_info":0,"uagb_excerpt":"Bienvenue chez Melle Lily Jolie Cr\u00e9ations, o\u00f9 chaque accessoire de couture en tissu wax et chaque objet du quotidien personnalis\u00e9 est con\u00e7u avec passion et soin. Notre histoire L&rsquo;aventure de Melle Lily Jolie Cr\u00e9ations a commenc\u00e9 en 2020, en plein c\u0153ur de la pand\u00e9mie de COVID-19. En qu\u00eate de motivation et d&rsquo;occupation, j&rsquo;ai emprunt\u00e9 la\u2026","jetpack_sharing_enabled":true,"_links":{"self":[{"href":"https:\/\/mellelilyjolie.com\/index.php\/wp-json\/wp\/v2\/pages\/151","targetHints":{"allow":["GET"]}}],"collection":[{"href":"https:\/\/mellelilyjolie.com\/index.php\/wp-json\/wp\/v2\/pages"}],"about":[{"href":"https:\/\/mellelilyjolie.com\/index.php\/wp-json\/wp\/v2\/types\/page"}],"author":[{"embeddable":true,"href":"https:\/\/mellelilyjolie.com\/index.php\/wp-json\/wp\/v2\/users\/1"}],"replies":[{"embeddable":true,"href":"https:\/\/mellelilyjolie.com\/index.php\/wp-json\/wp\/v2\/comments?post=151"}],"version-history":[{"count":11,"href":"https:\/\/mellelilyjolie.com\/index.php\/wp-json\/wp\/v2\/pages\/151\/revisions"}],"predecessor-version":[{"id":1765,"href":"https:\/\/mellelilyjolie.com\/index.php\/wp-json\/wp\/v2\/pages\/151\/revisions\/1765"}],"wp:attachment":[{"href":"https:\/\/mellelilyjolie.com\/index.php\/wp-json\/wp\/v2\/media?parent=151"}],"curies":[{"name":"wp","href":"https:\/\/api.w.org\/{rel}","templated":true}]}}